{"id":109,"date":"2020-10-22T19:05:39","date_gmt":"2020-10-22T17:05:39","guid":{"rendered":"http:\/\/localhost:8500\/?page_id=109"},"modified":"2026-03-19T11:47:54","modified_gmt":"2026-03-19T10:47:54","slug":"helia-proizvodnja","status":"publish","type":"page","link":"https:\/\/lavkompjuteri.rs\/en\/helia-proizvodnja\/","title":{"rendered":"Helia for manufacturing companies"},"content":{"rendered":"<div data-elementor-type=\"wp-page\" data-elementor-id=\"109\" class=\"elementor elementor-109\">\n\t\t\t\t\t\t\t\t\t<section class=\"elementor-section elementor-top-section elementor-element elementor-element-36742c56 elementor-section-content-middle elementor-section-boxed elementor-section-height-default elementor-section-height-default\" data-id=\"36742c56\" data-element_type=\"section\">\n\t\t\t\t\t\t<div class=\"elementor-container elementor-column-gap-default\">\n\t\t\t\t\t<div class=\"elementor-column elementor-col-50 elementor-top-column elementor-element elementor-element-66d41f89\" data-id=\"66d41f89\" data-element_type=\"column\">\n\t\t\t<div class=\"elementor-widget-wrap elementor-element-populated\">\n\t\t\t\t\t\t\t\t<div class=\"elementor-element elementor-element-4af078ce elementor-widget elementor-widget-image\" data-id=\"4af078ce\" data-element_type=\"widget\" data-widget_type=\"image.default\">\n\t\t\t\t<div class=\"elementor-widget-container\">\n\t\t\t\t\t\t\t\t\t\t\t\t\t\t\t<img decoding=\"async\" width=\"82\" height=\"67\" src=\"https:\/\/lavkompjuteri.rs\/wp-content\/uploads\/2020\/10\/sunrise.svg\" class=\"attachment-full size-full wp-image-139\" alt=\"\" \/>\t\t\t\t\t\t\t\t\t\t\t\t\t\t\t<\/div>\n\t\t\t\t<\/div>\n\t\t\t\t<div class=\"elementor-element elementor-element-49cae1f1 elementor-widget elementor-widget-heading\" data-id=\"49cae1f1\" data-element_type=\"widget\" data-widget_type=\"heading.default\">\n\t\t\t\t<div class=\"elementor-widget-container\">\n\t\t\t<h2 class=\"elementor-heading-title elementor-size-default\">Helia for manufacturing companies<\/h2>\t\t<\/div>\n\t\t\t\t<\/div>\n\t\t\t\t<div class=\"elementor-element elementor-element-d222f1b elementor-widget elementor-widget-heading\" data-id=\"d222f1b\" data-element_type=\"widget\" data-widget_type=\"heading.default\">\n\t\t\t\t<div class=\"elementor-widget-container\">\n\t\t\t<p class=\"elementor-heading-title elementor-size-default\">Software for monitoring the manufacturing process.<\/p>\t\t<\/div>\n\t\t\t\t<\/div>\n\t\t\t\t\t<\/div>\n\t\t<\/div>\n\t\t\t\t<div class=\"elementor-column elementor-col-50 elementor-top-column elementor-element elementor-element-216782c4\" data-id=\"216782c4\" data-element_type=\"column\">\n\t\t\t<div class=\"elementor-widget-wrap elementor-element-populated\">\n\t\t\t\t\t\t\t\t<div class=\"elementor-element elementor-element-6ff1ca06 elementor-widget elementor-widget-image\" data-id=\"6ff1ca06\" data-element_type=\"widget\" data-settings=\"{&quot;_animation&quot;:&quot;none&quot;}\" data-widget_type=\"image.default\">\n\t\t\t\t<div class=\"elementor-widget-container\">\n\t\t\t\t\t\t\t\t\t\t\t\t\t\t\t<img fetchpriority=\"high\" decoding=\"async\" width=\"730\" height=\"390\" src=\"https:\/\/lavkompjuteri.rs\/wp-content\/uploads\/2020\/11\/helia-proizvodnja3.jpg\" class=\"attachment-full size-full wp-image-610\" alt=\"\" srcset=\"https:\/\/lavkompjuteri.rs\/wp-content\/uploads\/2020\/11\/helia-proizvodnja3.jpg 730w, https:\/\/lavkompjuteri.rs\/wp-content\/uploads\/2020\/11\/helia-proizvodnja3-300x160.jpg 300w, https:\/\/lavkompjuteri.rs\/wp-content\/uploads\/2020\/11\/helia-proizvodnja3-16x9.jpg 16w\" sizes=\"(max-width: 730px) 100vw, 730px\" \/>\t\t\t\t\t\t\t\t\t\t\t\t\t\t\t<\/div>\n\t\t\t\t<\/div>\n\t\t\t\t\t<\/div>\n\t\t<\/div>\n\t\t\t\t\t\t\t<\/div>\n\t\t<\/section>\n\t\t\t\t<section class=\"elementor-section elementor-top-section elementor-element elementor-element-4c105a9 elementor-section-boxed elementor-section-height-default elementor-section-height-default\" data-id=\"4c105a9\" data-element_type=\"section\">\n\t\t\t\t\t\t<div class=\"elementor-container elementor-column-gap-default\">\n\t\t\t\t\t<div class=\"elementor-column elementor-col-100 elementor-top-column elementor-element elementor-element-6dc50bb\" data-id=\"6dc50bb\" data-element_type=\"column\">\n\t\t\t<div class=\"elementor-widget-wrap elementor-element-populated\">\n\t\t\t\t\t\t\t\t<div class=\"elementor-element elementor-element-1cb924c elementor-widget elementor-widget-text-editor\" data-id=\"1cb924c\" data-element_type=\"widget\" data-widget_type=\"text-editor.default\">\n\t\t\t\t<div class=\"elementor-widget-container\">\n\t\t\t\t\t\t\t<p>HELIA proizvodnja je program za proizvodnju i pra\u0107enje procesa proizvodnje koji se bazira na objedinjavanju podataka, finansijskog knjigovodstva, pogonskog knjigovodstva, pra\u0107enja sirovina, poluproizvoda i gotovih proizvoda po LOT-u OTK, seriji i roku. Razli\u010dite vrste proizvodnih procesa imaju i razli\u010dite proizvodne postupke koji se parametrizuju u softveru \u201eHelia\u201c. Na\u0161 koncept razvijen je na osnovu sastavnica i rastavnica. Sastavnica podrazumeva da se nabavljaju sirovine na osnovu plana i obima proizvodnje, definisanih normativa i \u201ezamenskih\u201c normativa, formiranje poluproizvoda ili krajnjih proizvoda koji u nekim slu\u010dajevima mogu biti naknadno vra\u0107eni u proizvodnju (fazni poluproizvodi). To je \u010dest slu\u010daj kod pekara (prezle), mlekara (kriti\u010dni rok zbog \u010dega se prosle\u0111uje u dalju preradu novog proizvoda), i tako dalje. Rastavnice su polazni osnov za sirovine tipa otkup malina, kupina, otkup \u017eive stoke, gde od ulazne sirovine dobijamo vi\u0161e razli\u010ditih proizvoda i poluproizvoda. Trebovanja kod sastavnica i rastavnica su fleksibilna i postoje takozvana \u201edotrebavanja\u201c. Razlog je \u0161to \u010desto po normativu nema dovoljno na lageru neke pomo\u0107ne sirovine, materijala ili ambala\u017ee kako bi ciklus proizvodni bio zatvoren u nekom zadatom periodu. Proizvodnja se lansira fazno, a gotovi proizvodi sukcesivno se skladi\u0161te u magacin gotovih proizvoda. Izve\u0161taji su formirani vi\u0161eslojno sa kreiranjem cene ko\u0161tanja 1, cene ko\u0161tanja 2 i cene ko\u0161tanja 3 ( u daljem tekstu CK1, CK2, CK3). CK1 podrazumeva tro\u0161kove proizvodnje koju \u010dine sirovine, pomo\u0107ni materijal, ambala\u017ea i energenti. CK2 podrazumeva CK1 plus tro\u0161kovi radne snage. CK3 podrazumeva CK2 plus deo uprave i radne snage koja je \u201epripravna\u201c (\u201eZa\u0161tita bilja\u201c) gde se proizvodnja zavr\u0161ava u maju za teku\u0107u godinu. Nedovr\u0161ena proizvodnja na kraju poslovne godine je automatski razvrstana. Izvr\u0161avanjem svih knjigovodstvenih promena bilansi se automatski kreiraju u \u017eeljenom formatu .DOCX, .XLSX, .PDF, .XML, .HTML.<\/p>\t\t\t\t\t\t<\/div>\n\t\t\t\t<\/div>\n\t\t\t\t\t<\/div>\n\t\t<\/div>\n\t\t\t\t\t\t\t<\/div>\n\t\t<\/section>\n\t\t\t\t<section class=\"elementor-section elementor-top-section elementor-element elementor-element-a5cc454 elementor-section-boxed elementor-section-height-default elementor-section-height-default\" data-id=\"a5cc454\" data-element_type=\"section\">\n\t\t\t\t\t\t<div class=\"elementor-container elementor-column-gap-default\">\n\t\t\t\t\t<div class=\"elementor-column elementor-col-33 elementor-top-column elementor-element elementor-element-eb69ce4\" data-id=\"eb69ce4\" data-element_type=\"column\">\n\t\t\t<div class=\"elementor-widget-wrap\">\n\t\t\t\t\t\t\t\t\t<\/div>\n\t\t<\/div>\n\t\t\t\t<div class=\"elementor-column elementor-col-33 elementor-top-column elementor-element elementor-element-70b1a04\" data-id=\"70b1a04\" data-element_type=\"column\">\n\t\t\t<div class=\"elementor-widget-wrap elementor-element-populated\">\n\t\t\t\t\t\t\t\t<div class=\"elementor-element elementor-element-3d25d5b elementor-widget elementor-widget-heading\" data-id=\"3d25d5b\" data-element_type=\"widget\" data-widget_type=\"heading.default\">\n\t\t\t\t<div class=\"elementor-widget-container\">\n\t\t\t<h4 class=\"elementor-heading-title elementor-size-default\">Video presentation<\/h4>\t\t<\/div>\n\t\t\t\t<\/div>\n\t\t\t\t<div class=\"elementor-element elementor-element-4c08eda elementor-widget elementor-widget-video\" data-id=\"4c08eda\" data-element_type=\"widget\" data-settings=\"{&quot;youtube_url&quot;:&quot;https:\\\/\\\/www.youtube.com\\\/watch?v=jVdFXIZyZKA&quot;,&quot;video_type&quot;:&quot;youtube&quot;,&quot;controls&quot;:&quot;yes&quot;}\" data-widget_type=\"video.default\">\n\t\t\t\t<div class=\"elementor-widget-container\">\n\t\t\t\t\t<div class=\"elementor-wrapper elementor-open-inline\">\n\t\t\t<div class=\"elementor-video\"><\/div>\t\t<\/div>\n\t\t\t\t<\/div>\n\t\t\t\t<\/div>\n\t\t\t\t\t<\/div>\n\t\t<\/div>\n\t\t\t\t<div class=\"elementor-column elementor-col-33 elementor-top-column elementor-element elementor-element-b8261e2\" data-id=\"b8261e2\" data-element_type=\"column\">\n\t\t\t<div class=\"elementor-widget-wrap\">\n\t\t\t\t\t\t\t\t\t<\/div>\n\t\t<\/div>\n\t\t\t\t\t\t\t<\/div>\n\t\t<\/section>\n\t\t\t\t<section class=\"elementor-section elementor-top-section elementor-element elementor-element-596c005e elementor-section-content-middle elementor-section-boxed elementor-section-height-default elementor-section-height-default\" data-id=\"596c005e\" data-element_type=\"section\">\n\t\t\t\t\t\t<div class=\"elementor-container elementor-column-gap-default\">\n\t\t\t\t\t<div class=\"elementor-column elementor-col-50 elementor-top-column elementor-element elementor-element-6e85abf7\" data-id=\"6e85abf7\" data-element_type=\"column\">\n\t\t\t<div class=\"elementor-widget-wrap elementor-element-populated\">\n\t\t\t\t\t\t\t\t<div class=\"elementor-element elementor-element-5eb7a831 elementor-widget elementor-widget-image\" data-id=\"5eb7a831\" data-element_type=\"widget\" data-widget_type=\"image.default\">\n\t\t\t\t<div class=\"elementor-widget-container\">\n\t\t\t\t\t\t\t\t\t\t\t\t\t\t\t\t<a href=\"https:\/\/lavkompjuteri.rs\/wp-content\/uploads\/2020\/11\/RN1.jpg\" data-elementor-open-lightbox=\"yes\" data-elementor-lightbox-title=\"RN1\" data-e-action-hash=\"#elementor-action%3Aaction%3Dlightbox%26settings%3DeyJpZCI6NjExLCJ1cmwiOiJodHRwczpcL1wvbGF2a29tcGp1dGVyaS5yc1wvd3AtY29udGVudFwvdXBsb2Fkc1wvMjAyMFwvMTFcL1JOMS5qcGcifQ%3D%3D\">\n\t\t\t\t\t\t\t<img decoding=\"async\" width=\"580\" height=\"302\" src=\"https:\/\/lavkompjuteri.rs\/wp-content\/uploads\/2020\/11\/RN1-1024x533.jpg\" class=\"attachment-large size-large wp-image-611\" alt=\"\" srcset=\"https:\/\/lavkompjuteri.rs\/wp-content\/uploads\/2020\/11\/RN1-1024x533.jpg 1024w, https:\/\/lavkompjuteri.rs\/wp-content\/uploads\/2020\/11\/RN1-300x156.jpg 300w, https:\/\/lavkompjuteri.rs\/wp-content\/uploads\/2020\/11\/RN1-768x400.jpg 768w, https:\/\/lavkompjuteri.rs\/wp-content\/uploads\/2020\/11\/RN1-16x8.jpg 16w, https:\/\/lavkompjuteri.rs\/wp-content\/uploads\/2020\/11\/RN1-1200x625.jpg 1200w, https:\/\/lavkompjuteri.rs\/wp-content\/uploads\/2020\/11\/RN1.jpg 1362w\" sizes=\"(max-width: 580px) 100vw, 580px\" \/>\t\t\t\t\t\t\t\t<\/a>\n\t\t\t\t\t\t\t\t\t\t\t\t\t\t\t<\/div>\n\t\t\t\t<\/div>\n\t\t\t\t\t<\/div>\n\t\t<\/div>\n\t\t\t\t<div class=\"elementor-column elementor-col-50 elementor-top-column elementor-element elementor-element-6570d8eb\" data-id=\"6570d8eb\" data-element_type=\"column\">\n\t\t\t<div class=\"elementor-widget-wrap elementor-element-populated\">\n\t\t\t\t\t\t\t\t<div class=\"elementor-element elementor-element-9b28ae0 elementor-widget elementor-widget-heading\" data-id=\"9b28ae0\" data-element_type=\"widget\" data-widget_type=\"heading.default\">\n\t\t\t\t<div class=\"elementor-widget-container\">\n\t\t\t<h2 class=\"elementor-heading-title elementor-size-default\">Monitoring the manufacturing process <\/h2>\t\t<\/div>\n\t\t\t\t<\/div>\n\t\t\t\t<div class=\"elementor-element elementor-element-7dd8b326 elementor-widget elementor-widget-text-editor\" data-id=\"7dd8b326\" data-element_type=\"widget\" data-widget_type=\"text-editor.default\">\n\t\t\t\t<div class=\"elementor-widget-container\">\n\t\t\t\t\t\t\t<p>Part of management accounting, which is based on the consolidation of data, financial bookkeeping, operating bookkeeping, monitoring of raw materials, semi-finished products and finished products by OTK, LOT and expiry date.<\/p>\t\t\t\t\t\t<\/div>\n\t\t\t\t<\/div>\n\t\t\t\t\t<\/div>\n\t\t<\/div>\n\t\t\t\t\t\t\t<\/div>\n\t\t<\/section>\n\t\t\t\t<section class=\"elementor-section elementor-top-section elementor-element elementor-element-1a0c449 elementor-section-content-middle elementor-section-boxed elementor-section-height-default elementor-section-height-default\" data-id=\"1a0c449\" data-element_type=\"section\">\n\t\t\t\t\t\t<div class=\"elementor-container elementor-column-gap-default\">\n\t\t\t\t\t<div class=\"elementor-column elementor-col-50 elementor-top-column elementor-element elementor-element-f9f8440\" data-id=\"f9f8440\" data-element_type=\"column\">\n\t\t\t<div class=\"elementor-widget-wrap elementor-element-populated\">\n\t\t\t\t\t\t\t\t<div class=\"elementor-element elementor-element-005f17c elementor-widget elementor-widget-image\" data-id=\"005f17c\" data-element_type=\"widget\" data-widget_type=\"image.default\">\n\t\t\t\t<div class=\"elementor-widget-container\">\n\t\t\t\t\t\t\t\t\t\t\t\t\t\t\t\t<a href=\"https:\/\/lavkompjuteri.rs\/wp-content\/uploads\/2020\/11\/Norm1.jpg\" data-elementor-open-lightbox=\"yes\" data-elementor-lightbox-title=\"Norm1\" data-e-action-hash=\"#elementor-action%3Aaction%3Dlightbox%26settings%3DeyJpZCI6NjA3LCJ1cmwiOiJodHRwczpcL1wvbGF2a29tcGp1dGVyaS5yc1wvd3AtY29udGVudFwvdXBsb2Fkc1wvMjAyMFwvMTFcL05vcm0xLmpwZyJ9\">\n\t\t\t\t\t\t\t<img loading=\"lazy\" decoding=\"async\" width=\"580\" height=\"470\" src=\"https:\/\/lavkompjuteri.rs\/wp-content\/uploads\/2020\/11\/Norm1.jpg\" class=\"attachment-large size-large wp-image-607\" alt=\"\" srcset=\"https:\/\/lavkompjuteri.rs\/wp-content\/uploads\/2020\/11\/Norm1.jpg 920w, https:\/\/lavkompjuteri.rs\/wp-content\/uploads\/2020\/11\/Norm1-300x243.jpg 300w, https:\/\/lavkompjuteri.rs\/wp-content\/uploads\/2020\/11\/Norm1-768x622.jpg 768w, https:\/\/lavkompjuteri.rs\/wp-content\/uploads\/2020\/11\/Norm1-16x12.jpg 16w\" sizes=\"(max-width: 580px) 100vw, 580px\" \/>\t\t\t\t\t\t\t\t<\/a>\n\t\t\t\t\t\t\t\t\t\t\t\t\t\t\t<\/div>\n\t\t\t\t<\/div>\n\t\t\t\t\t<\/div>\n\t\t<\/div>\n\t\t\t\t<div class=\"elementor-column elementor-col-50 elementor-top-column elementor-element elementor-element-0b526fe\" data-id=\"0b526fe\" data-element_type=\"column\">\n\t\t\t<div class=\"elementor-widget-wrap elementor-element-populated\">\n\t\t\t\t\t\t\t\t<div class=\"elementor-element elementor-element-ca823f8 elementor-widget elementor-widget-heading\" data-id=\"ca823f8\" data-element_type=\"widget\" data-widget_type=\"heading.default\">\n\t\t\t\t<div class=\"elementor-widget-container\">\n\t\t\t<h2 class=\"elementor-heading-title elementor-size-default\">Standards<\/h2>\t\t<\/div>\n\t\t\t\t<\/div>\n\t\t\t\t<div class=\"elementor-element elementor-element-84161a8 elementor-widget elementor-widget-text-editor\" data-id=\"84161a8\" data-element_type=\"widget\" data-widget_type=\"text-editor.default\">\n\t\t\t\t<div class=\"elementor-widget-container\">\n\t\t\t\t\t\t\t<p>Raw materials based on the plan and volume of manufacturing, defined norms and \"substitute\" norms, formation of semi-finished products.<\/p><p>Exit of Materials are the starting point for raw materials such as the purchase of raspberries, blackberries, the purchase of live livestock, where we obtain several different products and semi-products from the input raw materials.<\/p>\t\t\t\t\t\t<\/div>\n\t\t\t\t<\/div>\n\t\t\t\t\t<\/div>\n\t\t<\/div>\n\t\t\t\t\t\t\t<\/div>\n\t\t<\/section>\n\t\t\t\t<section class=\"elementor-section elementor-top-section elementor-element elementor-element-2c13ff9 elementor-section-content-middle elementor-section-boxed elementor-section-height-default elementor-section-height-default\" data-id=\"2c13ff9\" data-element_type=\"section\">\n\t\t\t\t\t\t<div class=\"elementor-container elementor-column-gap-default\">\n\t\t\t\t\t<div class=\"elementor-column elementor-col-50 elementor-top-column elementor-element elementor-element-ae0d030\" data-id=\"ae0d030\" data-element_type=\"column\">\n\t\t\t<div class=\"elementor-widget-wrap elementor-element-populated\">\n\t\t\t\t\t\t\t\t<div class=\"elementor-element elementor-element-3051db6 elementor-widget elementor-widget-image\" data-id=\"3051db6\" data-element_type=\"widget\" data-widget_type=\"image.default\">\n\t\t\t\t<div class=\"elementor-widget-container\">\n\t\t\t\t\t\t\t\t\t\t\t\t\t\t\t\t<a href=\"https:\/\/lavkompjuteri.rs\/wp-content\/uploads\/2020\/11\/Izvestaj.jpg\" data-elementor-open-lightbox=\"yes\" data-elementor-lightbox-title=\"Izvestaj\" data-e-action-hash=\"#elementor-action%3Aaction%3Dlightbox%26settings%3DeyJpZCI6NjA5LCJ1cmwiOiJodHRwczpcL1wvbGF2a29tcGp1dGVyaS5yc1wvd3AtY29udGVudFwvdXBsb2Fkc1wvMjAyMFwvMTFcL0l6dmVzdGFqLmpwZyJ9\">\n\t\t\t\t\t\t\t<img loading=\"lazy\" decoding=\"async\" width=\"580\" height=\"313\" src=\"https:\/\/lavkompjuteri.rs\/wp-content\/uploads\/2020\/11\/Izvestaj-1024x552.jpg\" class=\"attachment-large size-large wp-image-609\" alt=\"\" srcset=\"https:\/\/lavkompjuteri.rs\/wp-content\/uploads\/2020\/11\/Izvestaj-1024x552.jpg 1024w, https:\/\/lavkompjuteri.rs\/wp-content\/uploads\/2020\/11\/Izvestaj-300x162.jpg 300w, https:\/\/lavkompjuteri.rs\/wp-content\/uploads\/2020\/11\/Izvestaj-768x414.jpg 768w, https:\/\/lavkompjuteri.rs\/wp-content\/uploads\/2020\/11\/Izvestaj-16x9.jpg 16w, https:\/\/lavkompjuteri.rs\/wp-content\/uploads\/2020\/11\/Izvestaj.jpg 1199w\" sizes=\"(max-width: 580px) 100vw, 580px\" \/>\t\t\t\t\t\t\t\t<\/a>\n\t\t\t\t\t\t\t\t\t\t\t\t\t\t\t<\/div>\n\t\t\t\t<\/div>\n\t\t\t\t\t<\/div>\n\t\t<\/div>\n\t\t\t\t<div class=\"elementor-column elementor-col-50 elementor-top-column elementor-element elementor-element-17274f1\" data-id=\"17274f1\" data-element_type=\"column\">\n\t\t\t<div class=\"elementor-widget-wrap elementor-element-populated\">\n\t\t\t\t\t\t\t\t<div class=\"elementor-element elementor-element-6d92629 elementor-widget elementor-widget-heading\" data-id=\"6d92629\" data-element_type=\"widget\" data-widget_type=\"heading.default\">\n\t\t\t\t<div class=\"elementor-widget-container\">\n\t\t\t<h2 class=\"elementor-heading-title elementor-size-default\">Manufacturing reports<\/h2>\t\t<\/div>\n\t\t\t\t<\/div>\n\t\t\t\t<div class=\"elementor-element elementor-element-6d51102 elementor-widget elementor-widget-text-editor\" data-id=\"6d51102\" data-element_type=\"widget\" data-widget_type=\"text-editor.default\">\n\t\t\t\t<div class=\"elementor-widget-container\">\n\t\t\t\t\t\t\t<p>Monitoring of manufacturing with calculation of cost price.<\/p>\t\t\t\t\t\t<\/div>\n\t\t\t\t<\/div>\n\t\t\t\t\t<\/div>\n\t\t<\/div>\n\t\t\t\t\t\t\t<\/div>\n\t\t<\/section>\n\t\t\t\t\t\t\t<\/div>","protected":false},"excerpt":{"rendered":"<p>Helia proizvodnja\u200b Program za pra\u0107enje procesa proizvodnje. HELIA proizvodnja je program za proizvodnju i pra\u0107enje procesa proizvodnje koji se bazira na objedinjavanju podataka, finansijskog knjigovodstva, pogonskog knjigovodstva, pra\u0107enja sirovina, poluproizvoda i gotovih proizvoda po LOT-u OTK, seriji i roku. Razli\u010dite vrste proizvodnih procesa imaju i razli\u010dite proizvodne postupke koji se parametrizuju u softveru \u201eHelia\u201c. Na\u0161 [&hellip;]<\/p>\n","protected":false},"author":1,"featured_media":0,"parent":0,"menu_order":0,"comment_status":"closed","ping_status":"closed","template":"elementor_header_footer","meta":{"inline_featured_image":false},"yoast_head":"<!-- This site is optimized with the Yoast SEO plugin v20.2.1 - https:\/\/yoast.com\/wordpress\/plugins\/seo\/ -->\n<title>HELIA proizvodnja | Program za proizvodnju | Lav Kompjuteri<\/title>\n<meta name=\"description\" content=\"HELIA proizvodnja je program za proizvodnju za srpska preduze\u0107a. Lav Kompjuteri nudi efikasnije planiranje, pra\u0107enje procesa i kontrolu proizvodnje.\" \/>\n<meta name=\"robots\" content=\"index, follow, max-snippet:-1, max-image-preview:large, max-video-preview:-1\" \/>\n<link rel=\"canonical\" href=\"https:\/\/lavkompjuteri.rs\/en\/helia-proizvodnja\/\" \/>\n<meta property=\"og:locale\" content=\"en_US\" \/>\n<meta property=\"og:type\" content=\"article\" \/>\n<meta property=\"og:title\" content=\"HELIA proizvodnja | Program za proizvodnju | Lav Kompjuteri\" \/>\n<meta property=\"og:description\" content=\"HELIA proizvodnja je program za proizvodnju za srpska preduze\u0107a. Lav Kompjuteri nudi efikasnije planiranje, pra\u0107enje procesa i kontrolu proizvodnje.\" \/>\n<meta property=\"og:url\" content=\"https:\/\/lavkompjuteri.rs\/en\/helia-proizvodnja\/\" \/>\n<meta property=\"og:site_name\" content=\"Lav Kompjuteri\" \/>\n<meta property=\"article:modified_time\" content=\"2026-03-19T10:47:54+00:00\" \/>\n<meta property=\"og:image\" content=\"https:\/\/lavkompjuteri.rs\/wp-content\/uploads\/2020\/10\/sunrise.svg\" \/>\n<meta name=\"twitter:card\" content=\"summary_large_image\" \/>\n<meta name=\"twitter:label1\" content=\"Est. reading time\" \/>\n\t<meta name=\"twitter:data1\" content=\"3 minutes\" \/>\n<script type=\"application\/ld+json\" class=\"yoast-schema-graph\">{\"@context\":\"https:\/\/schema.org\",\"@graph\":[{\"@type\":\"WebPage\",\"@id\":\"https:\/\/lavkompjuteri.rs\/helia-proizvodnja\/\",\"url\":\"https:\/\/lavkompjuteri.rs\/helia-proizvodnja\/\",\"name\":\"HELIA proizvodnja | Program za proizvodnju | Lav Kompjuteri\",\"isPartOf\":{\"@id\":\"https:\/\/lavkompjuteri.rs\/#website\"},\"datePublished\":\"2020-10-22T17:05:39+00:00\",\"dateModified\":\"2026-03-19T10:47:54+00:00\",\"description\":\"HELIA proizvodnja je program za proizvodnju za srpska preduze\u0107a. Lav Kompjuteri nudi efikasnije planiranje, pra\u0107enje procesa i kontrolu proizvodnje.\",\"breadcrumb\":{\"@id\":\"https:\/\/lavkompjuteri.rs\/helia-proizvodnja\/#breadcrumb\"},\"inLanguage\":\"en-US\",\"potentialAction\":[{\"@type\":\"ReadAction\",\"target\":[\"https:\/\/lavkompjuteri.rs\/helia-proizvodnja\/\"]}]},{\"@type\":\"BreadcrumbList\",\"@id\":\"https:\/\/lavkompjuteri.rs\/helia-proizvodnja\/#breadcrumb\",\"itemListElement\":[{\"@type\":\"ListItem\",\"position\":1,\"name\":\"\u041f\u043e\u0447\u0435\u0442\u043d\u0430\",\"item\":\"https:\/\/lavkompjuteri.rs\/\"},{\"@type\":\"ListItem\",\"position\":2,\"name\":\"Helia proizvodnja\"}]},{\"@type\":\"WebSite\",\"@id\":\"https:\/\/lavkompjuteri.rs\/#website\",\"url\":\"https:\/\/lavkompjuteri.rs\/\",\"name\":\"Lav Kompjuteri\",\"description\":\"\",\"publisher\":{\"@id\":\"https:\/\/lavkompjuteri.rs\/#organization\"},\"potentialAction\":[{\"@type\":\"SearchAction\",\"target\":{\"@type\":\"EntryPoint\",\"urlTemplate\":\"https:\/\/lavkompjuteri.rs\/?s={search_term_string}\"},\"query-input\":\"required name=search_term_string\"}],\"inLanguage\":\"en-US\"},{\"@type\":\"Organization\",\"@id\":\"https:\/\/lavkompjuteri.rs\/#organization\",\"name\":\"Lav Kompjuteri\",\"url\":\"https:\/\/lavkompjuteri.rs\/\",\"logo\":{\"@type\":\"ImageObject\",\"inLanguage\":\"en-US\",\"@id\":\"https:\/\/lavkompjuteri.rs\/#\/schema\/logo\/image\/\",\"url\":\"https:\/\/lavkompjuteri.rs\/wp-content\/uploads\/2020\/11\/lavkompjuteri-logo.png\",\"contentUrl\":\"https:\/\/lavkompjuteri.rs\/wp-content\/uploads\/2020\/11\/lavkompjuteri-logo.png\",\"width\":169,\"height\":97,\"caption\":\"Lav Kompjuteri\"},\"image\":{\"@id\":\"https:\/\/lavkompjuteri.rs\/#\/schema\/logo\/image\/\"}}]}<\/script>\n<!-- \/ Yoast SEO plugin. -->","yoast_head_json":{"title":"HELIA proizvodnja | Program za proizvodnju | Lav Kompjuteri","description":"HELIA proizvodnja je program za proizvodnju za srpska preduze\u0107a. Lav Kompjuteri nudi efikasnije planiranje, pra\u0107enje procesa i kontrolu proizvodnje.","robots":{"index":"index","follow":"follow","max-snippet":"max-snippet:-1","max-image-preview":"max-image-preview:large","max-video-preview":"max-video-preview:-1"},"canonical":"https:\/\/lavkompjuteri.rs\/en\/helia-proizvodnja\/","og_locale":"en_US","og_type":"article","og_title":"HELIA proizvodnja | Program za proizvodnju | Lav Kompjuteri","og_description":"HELIA proizvodnja je program za proizvodnju za srpska preduze\u0107a. Lav Kompjuteri nudi efikasnije planiranje, pra\u0107enje procesa i kontrolu proizvodnje.","og_url":"https:\/\/lavkompjuteri.rs\/en\/helia-proizvodnja\/","og_site_name":"Lav Kompjuteri","article_modified_time":"2026-03-19T10:47:54+00:00","og_image":[{"url":"https:\/\/lavkompjuteri.rs\/wp-content\/uploads\/2020\/10\/sunrise.svg"}],"twitter_card":"summary_large_image","twitter_misc":{"Est. reading time":"3 minutes"},"schema":{"@context":"https:\/\/schema.org","@graph":[{"@type":"WebPage","@id":"https:\/\/lavkompjuteri.rs\/helia-proizvodnja\/","url":"https:\/\/lavkompjuteri.rs\/helia-proizvodnja\/","name":"HELIA proizvodnja | Program za proizvodnju | Lav Kompjuteri","isPartOf":{"@id":"https:\/\/lavkompjuteri.rs\/#website"},"datePublished":"2020-10-22T17:05:39+00:00","dateModified":"2026-03-19T10:47:54+00:00","description":"HELIA proizvodnja je program za proizvodnju za srpska preduze\u0107a. Lav Kompjuteri nudi efikasnije planiranje, pra\u0107enje procesa i kontrolu proizvodnje.","breadcrumb":{"@id":"https:\/\/lavkompjuteri.rs\/helia-proizvodnja\/#breadcrumb"},"inLanguage":"en-US","potentialAction":[{"@type":"ReadAction","target":["https:\/\/lavkompjuteri.rs\/helia-proizvodnja\/"]}]},{"@type":"BreadcrumbList","@id":"https:\/\/lavkompjuteri.rs\/helia-proizvodnja\/#breadcrumb","itemListElement":[{"@type":"ListItem","position":1,"name":"\u041f\u043e\u0447\u0435\u0442\u043d\u0430","item":"https:\/\/lavkompjuteri.rs\/"},{"@type":"ListItem","position":2,"name":"Helia proizvodnja"}]},{"@type":"WebSite","@id":"https:\/\/lavkompjuteri.rs\/#website","url":"https:\/\/lavkompjuteri.rs\/","name":"Lav Kompjuteri","description":"","publisher":{"@id":"https:\/\/lavkompjuteri.rs\/#organization"},"potentialAction":[{"@type":"SearchAction","target":{"@type":"EntryPoint","urlTemplate":"https:\/\/lavkompjuteri.rs\/?s={search_term_string}"},"query-input":"required name=search_term_string"}],"inLanguage":"en-US"},{"@type":"Organization","@id":"https:\/\/lavkompjuteri.rs\/#organization","name":"Lav Kompjuteri","url":"https:\/\/lavkompjuteri.rs\/","logo":{"@type":"ImageObject","inLanguage":"en-US","@id":"https:\/\/lavkompjuteri.rs\/#\/schema\/logo\/image\/","url":"https:\/\/lavkompjuteri.rs\/wp-content\/uploads\/2020\/11\/lavkompjuteri-logo.png","contentUrl":"https:\/\/lavkompjuteri.rs\/wp-content\/uploads\/2020\/11\/lavkompjuteri-logo.png","width":169,"height":97,"caption":"Lav Kompjuteri"},"image":{"@id":"https:\/\/lavkompjuteri.rs\/#\/schema\/logo\/image\/"}}]}},"_links":{"self":[{"href":"https:\/\/lavkompjuteri.rs\/en\/wp-json\/wp\/v2\/pages\/109"}],"collection":[{"href":"https:\/\/lavkompjuteri.rs\/en\/wp-json\/wp\/v2\/pages"}],"about":[{"href":"https:\/\/lavkompjuteri.rs\/en\/wp-json\/wp\/v2\/types\/page"}],"author":[{"embeddable":true,"href":"https:\/\/lavkompjuteri.rs\/en\/wp-json\/wp\/v2\/users\/1"}],"replies":[{"embeddable":true,"href":"https:\/\/lavkompjuteri.rs\/en\/wp-json\/wp\/v2\/comments?post=109"}],"version-history":[{"count":9,"href":"https:\/\/lavkompjuteri.rs\/en\/wp-json\/wp\/v2\/pages\/109\/revisions"}],"predecessor-version":[{"id":1122,"href":"https:\/\/lavkompjuteri.rs\/en\/wp-json\/wp\/v2\/pages\/109\/revisions\/1122"}],"wp:attachment":[{"href":"https:\/\/lavkompjuteri.rs\/en\/wp-json\/wp\/v2\/media?parent=109"}],"curies":[{"name":"wp","href":"https:\/\/api.w.org\/{rel}","templated":true}]}}