{"id":176,"date":"2020-10-22T21:41:54","date_gmt":"2020-10-22T19:41:54","guid":{"rendered":"http:\/\/localhost:8500\/?page_id=176"},"modified":"2026-03-19T11:51:12","modified_gmt":"2026-03-19T10:51:12","slug":"specijalizovani-programi","status":"publish","type":"page","link":"https:\/\/lavkompjuteri.rs\/en\/specijalizovani-programi\/","title":{"rendered":"Specijalizovani\u2028 programi"},"content":{"rendered":"<div data-elementor-type=\"wp-page\" data-elementor-id=\"176\" class=\"elementor elementor-176\">\n\t\t\t\t\t\t\t\t\t<section class=\"elementor-section elementor-top-section elementor-element elementor-element-6f1948f2 elementor-section-content-middle elementor-section-boxed elementor-section-height-default elementor-section-height-default\" data-id=\"6f1948f2\" data-element_type=\"section\">\n\t\t\t\t\t\t<div class=\"elementor-container elementor-column-gap-default\">\n\t\t\t\t\t<div class=\"elementor-column elementor-col-50 elementor-top-column elementor-element elementor-element-3bb1c00e\" data-id=\"3bb1c00e\" data-element_type=\"column\">\n\t\t\t<div class=\"elementor-widget-wrap elementor-element-populated\">\n\t\t\t\t\t\t\t\t<div class=\"elementor-element elementor-element-1851ead3 elementor-widget elementor-widget-image\" data-id=\"1851ead3\" data-element_type=\"widget\" data-widget_type=\"image.default\">\n\t\t\t\t<div class=\"elementor-widget-container\">\n\t\t\t\t\t\t\t\t\t\t\t\t\t\t\t<img decoding=\"async\" width=\"82\" height=\"67\" src=\"https:\/\/lavkompjuteri.rs\/wp-content\/uploads\/2020\/10\/sunrise.svg\" class=\"attachment-full size-full wp-image-139\" alt=\"\" \/>\t\t\t\t\t\t\t\t\t\t\t\t\t\t\t<\/div>\n\t\t\t\t<\/div>\n\t\t\t\t<div class=\"elementor-element elementor-element-2b4074c3 elementor-widget elementor-widget-heading\" data-id=\"2b4074c3\" data-element_type=\"widget\" data-widget_type=\"heading.default\">\n\t\t\t\t<div class=\"elementor-widget-container\">\n\t\t\t<h2 class=\"elementor-heading-title elementor-size-default\">Specialized Software<\/h2>\t\t<\/div>\n\t\t\t\t<\/div>\n\t\t\t\t<div class=\"elementor-element elementor-element-45005f1e elementor-widget elementor-widget-heading\" data-id=\"45005f1e\" data-element_type=\"widget\" data-widget_type=\"heading.default\">\n\t\t\t\t<div class=\"elementor-widget-container\">\n\t\t\t<p class=\"elementor-heading-title elementor-size-default\">Software solutions for various types of activities<\/p>\t\t<\/div>\n\t\t\t\t<\/div>\n\t\t\t\t\t<\/div>\n\t\t<\/div>\n\t\t\t\t<div class=\"elementor-column elementor-col-50 elementor-top-column elementor-element elementor-element-7a1d42b1\" data-id=\"7a1d42b1\" data-element_type=\"column\">\n\t\t\t<div class=\"elementor-widget-wrap elementor-element-populated\">\n\t\t\t\t\t\t\t\t<div class=\"elementor-element elementor-element-6a0c3dbe elementor-widget elementor-widget-image\" data-id=\"6a0c3dbe\" data-element_type=\"widget\" data-settings=\"{&quot;_animation&quot;:&quot;none&quot;}\" data-widget_type=\"image.default\">\n\t\t\t\t<div class=\"elementor-widget-container\">\n\t\t\t\t\t\t\t\t\t\t\t\t\t\t\t<img fetchpriority=\"high\" decoding=\"async\" width=\"730\" height=\"390\" src=\"https:\/\/lavkompjuteri.rs\/wp-content\/uploads\/2020\/11\/specijalizovani-programi.jpg\" class=\"attachment-full size-full wp-image-345\" alt=\"\" srcset=\"https:\/\/lavkompjuteri.rs\/wp-content\/uploads\/2020\/11\/specijalizovani-programi.jpg 730w, https:\/\/lavkompjuteri.rs\/wp-content\/uploads\/2020\/11\/specijalizovani-programi-300x160.jpg 300w, https:\/\/lavkompjuteri.rs\/wp-content\/uploads\/2020\/11\/specijalizovani-programi-16x9.jpg 16w\" sizes=\"(max-width: 730px) 100vw, 730px\" \/>\t\t\t\t\t\t\t\t\t\t\t\t\t\t\t<\/div>\n\t\t\t\t<\/div>\n\t\t\t\t\t<\/div>\n\t\t<\/div>\n\t\t\t\t\t\t\t<\/div>\n\t\t<\/section>\n\t\t\t\t<section class=\"elementor-section elementor-top-section elementor-element elementor-element-7b81ab27 elementor-section-content-middle elementor-section-boxed elementor-section-height-default elementor-section-height-default\" data-id=\"7b81ab27\" data-element_type=\"section\">\n\t\t\t\t\t\t<div class=\"elementor-container elementor-column-gap-default\">\n\t\t\t\t\t<div class=\"elementor-column elementor-col-50 elementor-top-column elementor-element elementor-element-5f86e1e4\" data-id=\"5f86e1e4\" data-element_type=\"column\">\n\t\t\t<div class=\"elementor-widget-wrap elementor-element-populated\">\n\t\t\t\t\t\t\t\t<div class=\"elementor-element elementor-element-59cdaf51 elementor-widget elementor-widget-image\" data-id=\"59cdaf51\" data-element_type=\"widget\" data-widget_type=\"image.default\">\n\t\t\t\t<div class=\"elementor-widget-container\">\n\t\t\t\t\t\t\t\t\t\t\t\t\t\t\t\t<a href=\"https:\/\/lavkompjuteri.rs\/en\/program-za-maloprodaje\/\">\n\t\t\t\t\t\t\t<img decoding=\"async\" width=\"580\" height=\"310\" src=\"https:\/\/lavkompjuteri.rs\/wp-content\/uploads\/2020\/11\/program-za-maloprodaje.jpg\" class=\"attachment-large size-large wp-image-520\" alt=\"\" srcset=\"https:\/\/lavkompjuteri.rs\/wp-content\/uploads\/2020\/11\/program-za-maloprodaje.jpg 730w, https:\/\/lavkompjuteri.rs\/wp-content\/uploads\/2020\/11\/program-za-maloprodaje-300x160.jpg 300w, https:\/\/lavkompjuteri.rs\/wp-content\/uploads\/2020\/11\/program-za-maloprodaje-16x9.jpg 16w\" sizes=\"(max-width: 580px) 100vw, 580px\" \/>\t\t\t\t\t\t\t\t<\/a>\n\t\t\t\t\t\t\t\t\t\t\t\t\t\t\t<\/div>\n\t\t\t\t<\/div>\n\t\t\t\t\t<\/div>\n\t\t<\/div>\n\t\t\t\t<div class=\"elementor-column elementor-col-50 elementor-top-column elementor-element elementor-element-6abf8f89\" data-id=\"6abf8f89\" data-element_type=\"column\">\n\t\t\t<div class=\"elementor-widget-wrap elementor-element-populated\">\n\t\t\t\t\t\t\t\t<div class=\"elementor-element elementor-element-14e57667 elementor-widget elementor-widget-heading\" data-id=\"14e57667\" data-element_type=\"widget\" data-widget_type=\"heading.default\">\n\t\t\t\t<div class=\"elementor-widget-container\">\n\t\t\t<h2 class=\"elementor-heading-title elementor-size-default\"><a href=\"https:\/\/lavkompjuteri.rs\/en\/program-za-maloprodaje\/\">Program za maloprodaju<\/a><\/h2>\t\t<\/div>\n\t\t\t\t<\/div>\n\t\t\t\t<div class=\"elementor-element elementor-element-572186f0 elementor-widget elementor-widget-text-editor\" data-id=\"572186f0\" data-element_type=\"widget\" data-widget_type=\"text-editor.default\">\n\t\t\t\t<div class=\"elementor-widget-container\">\n\t\t\t\t\t\t\t<p>Software for commercial service activities<\/p>\t\t\t\t\t\t<\/div>\n\t\t\t\t<\/div>\n\t\t\t\t\t<\/div>\n\t\t<\/div>\n\t\t\t\t\t\t\t<\/div>\n\t\t<\/section>\n\t\t\t\t<section class=\"elementor-section elementor-top-section elementor-element elementor-element-a896063 elementor-section-content-middle elementor-section-boxed elementor-section-height-default elementor-section-height-default\" data-id=\"a896063\" data-element_type=\"section\">\n\t\t\t\t\t\t<div class=\"elementor-container elementor-column-gap-default\">\n\t\t\t\t\t<div class=\"elementor-column elementor-col-50 elementor-top-column elementor-element elementor-element-8f72b66\" data-id=\"8f72b66\" data-element_type=\"column\">\n\t\t\t<div class=\"elementor-widget-wrap elementor-element-populated\">\n\t\t\t\t\t\t\t\t<div class=\"elementor-element elementor-element-670ff88 elementor-widget elementor-widget-image\" data-id=\"670ff88\" data-element_type=\"widget\" data-widget_type=\"image.default\">\n\t\t\t\t<div class=\"elementor-widget-container\">\n\t\t\t\t\t\t\t\t\t\t\t\t\t\t\t\t<a href=\"https:\/\/lavkompjuteri.rs\/en\/program-za-restorane\/\">\n\t\t\t\t\t\t\t<img loading=\"lazy\" decoding=\"async\" width=\"580\" height=\"310\" src=\"https:\/\/lavkompjuteri.rs\/wp-content\/uploads\/2020\/11\/program-za-restorane.jpg\" class=\"attachment-large size-large wp-image-516\" alt=\"\" srcset=\"https:\/\/lavkompjuteri.rs\/wp-content\/uploads\/2020\/11\/program-za-restorane.jpg 730w, https:\/\/lavkompjuteri.rs\/wp-content\/uploads\/2020\/11\/program-za-restorane-300x160.jpg 300w, https:\/\/lavkompjuteri.rs\/wp-content\/uploads\/2020\/11\/program-za-restorane-16x9.jpg 16w\" sizes=\"(max-width: 580px) 100vw, 580px\" \/>\t\t\t\t\t\t\t\t<\/a>\n\t\t\t\t\t\t\t\t\t\t\t\t\t\t\t<\/div>\n\t\t\t\t<\/div>\n\t\t\t\t\t<\/div>\n\t\t<\/div>\n\t\t\t\t<div class=\"elementor-column elementor-col-50 elementor-top-column elementor-element elementor-element-1b13dbe\" data-id=\"1b13dbe\" data-element_type=\"column\">\n\t\t\t<div class=\"elementor-widget-wrap elementor-element-populated\">\n\t\t\t\t\t\t\t\t<div class=\"elementor-element elementor-element-9e2bc7c elementor-widget elementor-widget-heading\" data-id=\"9e2bc7c\" data-element_type=\"widget\" data-widget_type=\"heading.default\">\n\t\t\t\t<div class=\"elementor-widget-container\">\n\t\t\t<h2 class=\"elementor-heading-title elementor-size-default\"><a href=\"https:\/\/lavkompjuteri.rs\/en\/program-za-restorane\/\">Software for restaurants and catering<\/a><\/h2>\t\t<\/div>\n\t\t\t\t<\/div>\n\t\t\t\t<div class=\"elementor-element elementor-element-51843ba elementor-widget elementor-widget-text-editor\" data-id=\"51843ba\" data-element_type=\"widget\" data-widget_type=\"text-editor.default\">\n\t\t\t\t<div class=\"elementor-widget-container\">\n\t\t\t\t\t\t\t<p>Specialized software for restaurants, catering and industrial food production<\/p>\t\t\t\t\t\t<\/div>\n\t\t\t\t<\/div>\n\t\t\t\t\t<\/div>\n\t\t<\/div>\n\t\t\t\t\t\t\t<\/div>\n\t\t<\/section>\n\t\t\t\t<section class=\"elementor-section elementor-top-section elementor-element elementor-element-68ac037 elementor-section-content-middle elementor-section-boxed elementor-section-height-default elementor-section-height-default\" data-id=\"68ac037\" data-element_type=\"section\">\n\t\t\t\t\t\t<div class=\"elementor-container elementor-column-gap-default\">\n\t\t\t\t\t<div class=\"elementor-column elementor-col-50 elementor-top-column elementor-element elementor-element-777a92d\" data-id=\"777a92d\" data-element_type=\"column\">\n\t\t\t<div class=\"elementor-widget-wrap elementor-element-populated\">\n\t\t\t\t\t\t\t\t<div class=\"elementor-element elementor-element-740b7ad elementor-widget elementor-widget-image\" data-id=\"740b7ad\" data-element_type=\"widget\" data-widget_type=\"image.default\">\n\t\t\t\t<div class=\"elementor-widget-container\">\n\t\t\t\t\t\t\t\t\t\t\t\t\t\t\t\t<a href=\"https:\/\/lavkompjuteri.rs\/en\/program-za-plate\/\">\n\t\t\t\t\t\t\t<img loading=\"lazy\" decoding=\"async\" width=\"580\" height=\"310\" src=\"https:\/\/lavkompjuteri.rs\/wp-content\/uploads\/2020\/11\/program-za-plate.jpg\" class=\"attachment-large size-large wp-image-489\" alt=\"\" srcset=\"https:\/\/lavkompjuteri.rs\/wp-content\/uploads\/2020\/11\/program-za-plate.jpg 730w, https:\/\/lavkompjuteri.rs\/wp-content\/uploads\/2020\/11\/program-za-plate-300x160.jpg 300w, https:\/\/lavkompjuteri.rs\/wp-content\/uploads\/2020\/11\/program-za-plate-16x9.jpg 16w\" sizes=\"(max-width: 580px) 100vw, 580px\" \/>\t\t\t\t\t\t\t\t<\/a>\n\t\t\t\t\t\t\t\t\t\t\t\t\t\t\t<\/div>\n\t\t\t\t<\/div>\n\t\t\t\t\t<\/div>\n\t\t<\/div>\n\t\t\t\t<div class=\"elementor-column elementor-col-50 elementor-top-column elementor-element elementor-element-deb6e1b\" data-id=\"deb6e1b\" data-element_type=\"column\">\n\t\t\t<div class=\"elementor-widget-wrap elementor-element-populated\">\n\t\t\t\t\t\t\t\t<div class=\"elementor-element elementor-element-55eebff elementor-widget elementor-widget-heading\" data-id=\"55eebff\" data-element_type=\"widget\" data-widget_type=\"heading.default\">\n\t\t\t\t<div class=\"elementor-widget-container\">\n\t\t\t<h2 class=\"elementor-heading-title elementor-size-default\"><a href=\"https:\/\/lavkompjuteri.rs\/en\/program-za-plate\/\">Software for Salaries<\/a><\/h2>\t\t<\/div>\n\t\t\t\t<\/div>\n\t\t\t\t<div class=\"elementor-element elementor-element-f5ff4af elementor-widget elementor-widget-text-editor\" data-id=\"f5ff4af\" data-element_type=\"widget\" data-widget_type=\"text-editor.default\">\n\t\t\t\t<div class=\"elementor-widget-container\">\n\t\t\t\t\t\t\t<p>The Progress Salary Software is connected to Halcom, Office banking, Raiffeisen bank payment cards<\/p>\t\t\t\t\t\t<\/div>\n\t\t\t\t<\/div>\n\t\t\t\t\t<\/div>\n\t\t<\/div>\n\t\t\t\t\t\t\t<\/div>\n\t\t<\/section>\n\t\t\t\t\t\t\t<\/div>","protected":false},"excerpt":{"rendered":"<p>Specijalizovani programi Softverska re\u0161enja za razne vrste delatnosti Program za maloprodaju Softver za trgovinsko uslu\u017ene delatnosti Program za restorane i ketering Namenski softver za restorane, ketering i industrijsku proizvodnju hrane Program za plate Progres program za plate je povezan sa platnim karticama Halcom, Office banking, Raiffeisen banka<\/p>","protected":false},"author":1,"featured_media":0,"parent":0,"menu_order":0,"comment_status":"closed","ping_status":"closed","template":"elementor_header_footer","meta":{"inline_featured_image":false},"yoast_head":"<!-- This site is optimized with the Yoast SEO plugin v20.2.1 - https:\/\/yoast.com\/wordpress\/plugins\/seo\/ -->\n<title>Specijalizovani programi | Lav Kompjuteri<\/title>\n<meta name=\"description\" content=\"Specijalizovani programi kompanije Lav Kompjuteri obuhvataju softverska re\u0161enja prilago\u0111ena razli\u010ditim poslovnim potrebama preduze\u0107a na doma\u0107em tr\u017ei\u0161tu.\" \/>\n<meta name=\"robots\" content=\"index, follow, max-snippet:-1, max-image-preview:large, max-video-preview:-1\" \/>\n<link rel=\"canonical\" href=\"https:\/\/lavkompjuteri.rs\/en\/specijalizovani-programi\/\" \/>\n<meta property=\"og:locale\" content=\"en_US\" \/>\n<meta property=\"og:type\" content=\"article\" \/>\n<meta property=\"og:title\" content=\"Specijalizovani programi | Lav Kompjuteri\" \/>\n<meta property=\"og:description\" content=\"Specijalizovani programi kompanije Lav Kompjuteri obuhvataju softverska re\u0161enja prilago\u0111ena razli\u010ditim poslovnim potrebama preduze\u0107a na doma\u0107em tr\u017ei\u0161tu.\" \/>\n<meta property=\"og:url\" content=\"https:\/\/lavkompjuteri.rs\/en\/specijalizovani-programi\/\" \/>\n<meta property=\"og:site_name\" content=\"Lav Kompjuteri\" \/>\n<meta property=\"article:modified_time\" content=\"2026-03-19T10:51:12+00:00\" \/>\n<meta property=\"og:image\" content=\"https:\/\/lavkompjuteri.rs\/wp-content\/uploads\/2020\/10\/sunrise.svg\" \/>\n<meta name=\"twitter:card\" content=\"summary_large_image\" \/>\n<meta name=\"twitter:label1\" content=\"Est. reading time\" \/>\n\t<meta name=\"twitter:data1\" content=\"2 minutes\" \/>\n<script type=\"application\/ld+json\" class=\"yoast-schema-graph\">{\"@context\":\"https:\/\/schema.org\",\"@graph\":[{\"@type\":\"WebPage\",\"@id\":\"https:\/\/lavkompjuteri.rs\/specijalizovani-programi\/\",\"url\":\"https:\/\/lavkompjuteri.rs\/specijalizovani-programi\/\",\"name\":\"Specijalizovani programi | Lav Kompjuteri\",\"isPartOf\":{\"@id\":\"https:\/\/lavkompjuteri.rs\/#website\"},\"datePublished\":\"2020-10-22T19:41:54+00:00\",\"dateModified\":\"2026-03-19T10:51:12+00:00\",\"description\":\"Specijalizovani programi kompanije Lav Kompjuteri obuhvataju softverska re\u0161enja prilago\u0111ena razli\u010ditim poslovnim potrebama preduze\u0107a na doma\u0107em tr\u017ei\u0161tu.\",\"breadcrumb\":{\"@id\":\"https:\/\/lavkompjuteri.rs\/specijalizovani-programi\/#breadcrumb\"},\"inLanguage\":\"en-US\",\"potentialAction\":[{\"@type\":\"ReadAction\",\"target\":[\"https:\/\/lavkompjuteri.rs\/specijalizovani-programi\/\"]}]},{\"@type\":\"BreadcrumbList\",\"@id\":\"https:\/\/lavkompjuteri.rs\/specijalizovani-programi\/#breadcrumb\",\"itemListElement\":[{\"@type\":\"ListItem\",\"position\":1,\"name\":\"\u041f\u043e\u0447\u0435\u0442\u043d\u0430\",\"item\":\"https:\/\/lavkompjuteri.rs\/\"},{\"@type\":\"ListItem\",\"position\":2,\"name\":\"Specijalizovani\\u2028 programi\"}]},{\"@type\":\"WebSite\",\"@id\":\"https:\/\/lavkompjuteri.rs\/#website\",\"url\":\"https:\/\/lavkompjuteri.rs\/\",\"name\":\"Lav Kompjuteri\",\"description\":\"\",\"publisher\":{\"@id\":\"https:\/\/lavkompjuteri.rs\/#organization\"},\"potentialAction\":[{\"@type\":\"SearchAction\",\"target\":{\"@type\":\"EntryPoint\",\"urlTemplate\":\"https:\/\/lavkompjuteri.rs\/?s={search_term_string}\"},\"query-input\":\"required name=search_term_string\"}],\"inLanguage\":\"en-US\"},{\"@type\":\"Organization\",\"@id\":\"https:\/\/lavkompjuteri.rs\/#organization\",\"name\":\"Lav Kompjuteri\",\"url\":\"https:\/\/lavkompjuteri.rs\/\",\"logo\":{\"@type\":\"ImageObject\",\"inLanguage\":\"en-US\",\"@id\":\"https:\/\/lavkompjuteri.rs\/#\/schema\/logo\/image\/\",\"url\":\"https:\/\/lavkompjuteri.rs\/wp-content\/uploads\/2020\/11\/lavkompjuteri-logo.png\",\"contentUrl\":\"https:\/\/lavkompjuteri.rs\/wp-content\/uploads\/2020\/11\/lavkompjuteri-logo.png\",\"width\":169,\"height\":97,\"caption\":\"Lav Kompjuteri\"},\"image\":{\"@id\":\"https:\/\/lavkompjuteri.rs\/#\/schema\/logo\/image\/\"}}]}<\/script>\n<!-- \/ Yoast SEO plugin. -->","yoast_head_json":{"title":"Specijalizovani programi | Lav Kompjuteri","description":"Specijalizovani programi kompanije Lav Kompjuteri obuhvataju softverska re\u0161enja prilago\u0111ena razli\u010ditim poslovnim potrebama preduze\u0107a na doma\u0107em tr\u017ei\u0161tu.","robots":{"index":"index","follow":"follow","max-snippet":"max-snippet:-1","max-image-preview":"max-image-preview:large","max-video-preview":"max-video-preview:-1"},"canonical":"https:\/\/lavkompjuteri.rs\/en\/specijalizovani-programi\/","og_locale":"en_US","og_type":"article","og_title":"Specijalizovani programi | Lav Kompjuteri","og_description":"Specijalizovani programi kompanije Lav Kompjuteri obuhvataju softverska re\u0161enja prilago\u0111ena razli\u010ditim poslovnim potrebama preduze\u0107a na doma\u0107em tr\u017ei\u0161tu.","og_url":"https:\/\/lavkompjuteri.rs\/en\/specijalizovani-programi\/","og_site_name":"Lav Kompjuteri","article_modified_time":"2026-03-19T10:51:12+00:00","og_image":[{"url":"https:\/\/lavkompjuteri.rs\/wp-content\/uploads\/2020\/10\/sunrise.svg"}],"twitter_card":"summary_large_image","twitter_misc":{"Est. reading time":"2 minutes"},"schema":{"@context":"https:\/\/schema.org","@graph":[{"@type":"WebPage","@id":"https:\/\/lavkompjuteri.rs\/specijalizovani-programi\/","url":"https:\/\/lavkompjuteri.rs\/specijalizovani-programi\/","name":"Specijalizovani programi | Lav Kompjuteri","isPartOf":{"@id":"https:\/\/lavkompjuteri.rs\/#website"},"datePublished":"2020-10-22T19:41:54+00:00","dateModified":"2026-03-19T10:51:12+00:00","description":"Specijalizovani programi kompanije Lav Kompjuteri obuhvataju softverska re\u0161enja prilago\u0111ena razli\u010ditim poslovnim potrebama preduze\u0107a na doma\u0107em tr\u017ei\u0161tu.","breadcrumb":{"@id":"https:\/\/lavkompjuteri.rs\/specijalizovani-programi\/#breadcrumb"},"inLanguage":"en-US","potentialAction":[{"@type":"ReadAction","target":["https:\/\/lavkompjuteri.rs\/specijalizovani-programi\/"]}]},{"@type":"BreadcrumbList","@id":"https:\/\/lavkompjuteri.rs\/specijalizovani-programi\/#breadcrumb","itemListElement":[{"@type":"ListItem","position":1,"name":"\u041f\u043e\u0447\u0435\u0442\u043d\u0430","item":"https:\/\/lavkompjuteri.rs\/"},{"@type":"ListItem","position":2,"name":"Specijalizovani\u2028 programi"}]},{"@type":"WebSite","@id":"https:\/\/lavkompjuteri.rs\/#website","url":"https:\/\/lavkompjuteri.rs\/","name":"Lav Kompjuteri","description":"","publisher":{"@id":"https:\/\/lavkompjuteri.rs\/#organization"},"potentialAction":[{"@type":"SearchAction","target":{"@type":"EntryPoint","urlTemplate":"https:\/\/lavkompjuteri.rs\/?s={search_term_string}"},"query-input":"required name=search_term_string"}],"inLanguage":"en-US"},{"@type":"Organization","@id":"https:\/\/lavkompjuteri.rs\/#organization","name":"Lav Kompjuteri","url":"https:\/\/lavkompjuteri.rs\/","logo":{"@type":"ImageObject","inLanguage":"en-US","@id":"https:\/\/lavkompjuteri.rs\/#\/schema\/logo\/image\/","url":"https:\/\/lavkompjuteri.rs\/wp-content\/uploads\/2020\/11\/lavkompjuteri-logo.png","contentUrl":"https:\/\/lavkompjuteri.rs\/wp-content\/uploads\/2020\/11\/lavkompjuteri-logo.png","width":169,"height":97,"caption":"Lav Kompjuteri"},"image":{"@id":"https:\/\/lavkompjuteri.rs\/#\/schema\/logo\/image\/"}}]}},"_links":{"self":[{"href":"https:\/\/lavkompjuteri.rs\/en\/wp-json\/wp\/v2\/pages\/176"}],"collection":[{"href":"https:\/\/lavkompjuteri.rs\/en\/wp-json\/wp\/v2\/pages"}],"about":[{"href":"https:\/\/lavkompjuteri.rs\/en\/wp-json\/wp\/v2\/types\/page"}],"author":[{"embeddable":true,"href":"https:\/\/lavkompjuteri.rs\/en\/wp-json\/wp\/v2\/users\/1"}],"replies":[{"embeddable":true,"href":"https:\/\/lavkompjuteri.rs\/en\/wp-json\/wp\/v2\/comments?post=176"}],"version-history":[{"count":6,"href":"https:\/\/lavkompjuteri.rs\/en\/wp-json\/wp\/v2\/pages\/176\/revisions"}],"predecessor-version":[{"id":1123,"href":"https:\/\/lavkompjuteri.rs\/en\/wp-json\/wp\/v2\/pages\/176\/revisions\/1123"}],"wp:attachment":[{"href":"https:\/\/lavkompjuteri.rs\/en\/wp-json\/wp\/v2\/media?parent=176"}],"curies":[{"name":"wp","href":"https:\/\/api.w.org\/{rel}","templated":true}]}}