{"id":2,"date":"2020-10-22T14:44:13","date_gmt":"2020-10-22T12:44:13","guid":{"rendered":"http:\/\/localhost:8500\/?page_id=2"},"modified":"2026-03-19T11:59:50","modified_gmt":"2026-03-19T10:59:50","slug":"podrska","status":"publish","type":"page","link":"https:\/\/lavkompjuteri.rs\/en\/podrska\/","title":{"rendered":"Support"},"content":{"rendered":"<div data-elementor-type=\"wp-page\" data-elementor-id=\"2\" class=\"elementor elementor-2\">\n\t\t\t\t\t\t\t\t\t<section class=\"elementor-section elementor-top-section elementor-element elementor-element-587ddac elementor-section-boxed elementor-section-height-default elementor-section-height-default\" data-id=\"587ddac\" data-element_type=\"section\">\n\t\t\t\t\t\t<div class=\"elementor-container elementor-column-gap-default\">\n\t\t\t\t\t<div class=\"elementor-column elementor-col-100 elementor-top-column elementor-element elementor-element-bbeb532\" data-id=\"bbeb532\" data-element_type=\"column\">\n\t\t\t<div class=\"elementor-widget-wrap elementor-element-populated\">\n\t\t\t\t\t\t\t\t<div class=\"elementor-element elementor-element-3666b9a elementor-widget elementor-widget-heading\" data-id=\"3666b9a\" data-element_type=\"widget\" data-widget_type=\"heading.default\">\n\t\t\t\t<div class=\"elementor-widget-container\">\n\t\t\t<h1 class=\"elementor-heading-title elementor-size-default\">Support<\/h1>\t\t<\/div>\n\t\t\t\t<\/div>\n\t\t\t\t<div class=\"elementor-element elementor-element-1755cae elementor-align-right elementor-widget elementor-widget-button\" data-id=\"1755cae\" data-element_type=\"widget\" data-widget_type=\"button.default\">\n\t\t\t\t<div class=\"elementor-widget-container\">\n\t\t\t\t\t<div class=\"elementor-button-wrapper\">\n\t\t\t<a class=\"elementor-button elementor-button-link elementor-size-md\" href=\"https:\/\/my.anydesk.com\/v2\/builds\/download\/354702\/AnyDeskClient.exe\">\n\t\t\t\t\t\t<span class=\"elementor-button-content-wrapper\">\n\t\t\t\t\t\t<span class=\"elementor-button-text\">Download AnyDesk<\/span>\n\t\t<\/span>\n\t\t\t\t\t<\/a>\n\t\t<\/div>\n\t\t\t\t<\/div>\n\t\t\t\t<\/div>\n\t\t\t\t<div class=\"elementor-element elementor-element-f0bddaf elementor-widget elementor-widget-heading\" data-id=\"f0bddaf\" data-element_type=\"widget\" data-widget_type=\"heading.default\">\n\t\t\t\t<div class=\"elementor-widget-container\">\n\t\t\t<div class=\"elementor-heading-title elementor-size-default\">Users have the option of support via e-mail address, telephone and remote communication system<\/div>\t\t<\/div>\n\t\t\t\t<\/div>\n\t\t\t\t\t<\/div>\n\t\t<\/div>\n\t\t\t\t\t\t\t<\/div>\n\t\t<\/section>\n\t\t\t\t<section class=\"elementor-section elementor-top-section elementor-element elementor-element-d038a58 elementor-section-boxed elementor-section-height-default elementor-section-height-default\" data-id=\"d038a58\" data-element_type=\"section\">\n\t\t\t\t\t\t<div class=\"elementor-container elementor-column-gap-default\">\n\t\t\t\t\t<div class=\"elementor-column elementor-col-100 elementor-top-column elementor-element elementor-element-85f5476\" data-id=\"85f5476\" data-element_type=\"column\">\n\t\t\t<div class=\"elementor-widget-wrap elementor-element-populated\">\n\t\t\t\t\t\t\t\t<div class=\"elementor-element elementor-element-7c3a665 elementor-widget elementor-widget-image\" data-id=\"7c3a665\" data-element_type=\"widget\" data-widget_type=\"image.default\">\n\t\t\t\t<div class=\"elementor-widget-container\">\n\t\t\t\t\t\t\t\t\t\t\t\t\t\t\t<img fetchpriority=\"high\" decoding=\"async\" width=\"2560\" height=\"1280\" src=\"https:\/\/lavkompjuteri.rs\/wp-content\/uploads\/2020\/10\/podrska-scaled.jpg\" class=\"attachment-full size-full wp-image-59\" alt=\"\" srcset=\"https:\/\/lavkompjuteri.rs\/wp-content\/uploads\/2020\/10\/podrska-scaled.jpg 2560w, https:\/\/lavkompjuteri.rs\/wp-content\/uploads\/2020\/10\/podrska-300x150.jpg 300w, https:\/\/lavkompjuteri.rs\/wp-content\/uploads\/2020\/10\/podrska-1024x512.jpg 1024w, https:\/\/lavkompjuteri.rs\/wp-content\/uploads\/2020\/10\/podrska-768x384.jpg 768w, https:\/\/lavkompjuteri.rs\/wp-content\/uploads\/2020\/10\/podrska-1536x768.jpg 1536w, https:\/\/lavkompjuteri.rs\/wp-content\/uploads\/2020\/10\/podrska-2048x1024.jpg 2048w, https:\/\/lavkompjuteri.rs\/wp-content\/uploads\/2020\/10\/podrska-1200x600.jpg 1200w, https:\/\/lavkompjuteri.rs\/wp-content\/uploads\/2020\/10\/podrska-1980x990.jpg 1980w\" sizes=\"(max-width: 2560px) 100vw, 2560px\" \/>\t\t\t\t\t\t\t\t\t\t\t\t\t\t\t<\/div>\n\t\t\t\t<\/div>\n\t\t\t\t\t<\/div>\n\t\t<\/div>\n\t\t\t\t\t\t\t<\/div>\n\t\t<\/section>\n\t\t\t\t<section class=\"elementor-section elementor-top-section elementor-element elementor-element-0f2653c elementor-section-boxed elementor-section-height-default elementor-section-height-default\" data-id=\"0f2653c\" data-element_type=\"section\">\n\t\t\t\t\t\t<div class=\"elementor-container elementor-column-gap-default\">\n\t\t\t\t\t<div class=\"elementor-column elementor-col-100 elementor-top-column elementor-element elementor-element-570d998\" data-id=\"570d998\" data-element_type=\"column\">\n\t\t\t<div class=\"elementor-widget-wrap elementor-element-populated\">\n\t\t\t\t\t\t\t\t<div class=\"elementor-element elementor-element-878465b elementor-widget elementor-widget-text-editor\" data-id=\"878465b\" data-element_type=\"widget\" data-widget_type=\"text-editor.default\">\n\t\t\t\t<div class=\"elementor-widget-container\">\n\t\t\t\t\t\t\t<p>Our users have support via e-mail address, by phone, and as remote-support communication software we use the licensed AnyDesk program.<\/p><p>Support is available every working day from 8 a.m. to 4 p.m. except Saturdays and Sundays. User agreements can be conceptualized differently depending on the needs of the users (for example, bus stations working hours are 7 days from 7 a.m. to 9 p.m.).<\/p><p>Support can be made by agreements for network, software and consulting services in the field of accounting and business organization. In some cases, the support is also provided by business software partners (during holiday seasons) that are contractually bound to the company 'Lav kompjuteri d.o.o.' and they use the same software platforms.<\/p><p>Every user, that is under the contract, has on his disposal landline phone numbers 00 381 15 319 065 and 00 381 15 319 066, and other 7 mobile phone numbers for required support. Each area is covered by many consultant programmers, thus you are not dependent on the time of just one consultant programmer.<\/p>\t\t\t\t\t\t<\/div>\n\t\t\t\t<\/div>\n\t\t\t\t\t<\/div>\n\t\t<\/div>\n\t\t\t\t\t\t\t<\/div>\n\t\t<\/section>\n\t\t\t\t\t\t\t<\/div>","protected":false},"excerpt":{"rendered":"<p>Podr\u0161ka Preuzmite AnyDesk Korisnici imaju mogu\u0107nost podr\u0161ke putem e-mail adrese, telefonom i udaljenim pristupom Korisnici imaju mogu\u0107nost podr\u0161ke putem e-mail adrese, telefonom, a kao komunikacioni softver za udaljenu podr\u0161ku koristimo licencirani AnyDesk. Podr\u0161ka je svakog radnog dana od 8.00 do 16.00 \u010dasova osim subote i nedelje. Ugovori sa korisnicima mogu biti koncipirani i druga\u010dije zavisno [&hellip;]<\/p>\n","protected":false},"author":1,"featured_media":0,"parent":0,"menu_order":0,"comment_status":"closed","ping_status":"closed","template":"elementor_header_footer","meta":{"inline_featured_image":false},"yoast_head":"<!-- This site is optimized with the Yoast SEO plugin v20.2.1 - https:\/\/yoast.com\/wordpress\/plugins\/seo\/ -->\n<title>Podr\u0161ka | Lav Kompjuteri<\/title>\n<meta name=\"description\" content=\"Podr\u0161ka kompanije Lav Kompjuteri za softverska re\u0161enja, poslovne programe i korisni\u010dku pomo\u0107. Kontaktirajte nas za tehni\u010dku podr\u0161ku i dodatne informacije.\" \/>\n<meta name=\"robots\" content=\"index, follow, max-snippet:-1, max-image-preview:large, max-video-preview:-1\" \/>\n<link rel=\"canonical\" href=\"https:\/\/lavkompjuteri.rs\/en\/podrska\/\" \/>\n<meta property=\"og:locale\" content=\"en_US\" \/>\n<meta property=\"og:type\" content=\"article\" \/>\n<meta property=\"og:title\" content=\"Podr\u0161ka | Lav Kompjuteri\" \/>\n<meta property=\"og:description\" content=\"Podr\u0161ka kompanije Lav Kompjuteri za softverska re\u0161enja, poslovne programe i korisni\u010dku pomo\u0107. Kontaktirajte nas za tehni\u010dku podr\u0161ku i dodatne informacije.\" \/>\n<meta property=\"og:url\" content=\"https:\/\/lavkompjuteri.rs\/en\/podrska\/\" \/>\n<meta property=\"og:site_name\" content=\"Lav Kompjuteri\" \/>\n<meta property=\"article:modified_time\" content=\"2026-03-19T10:59:50+00:00\" \/>\n<meta property=\"og:image\" content=\"https:\/\/lavkompjuteri.rs\/wp-content\/uploads\/2020\/10\/podrska-scaled.jpg\" \/>\n<meta name=\"twitter:card\" content=\"summary_large_image\" \/>\n<meta name=\"twitter:label1\" content=\"Est. reading time\" \/>\n\t<meta name=\"twitter:data1\" content=\"1 minute\" \/>\n<script type=\"application\/ld+json\" class=\"yoast-schema-graph\">{\"@context\":\"https:\/\/schema.org\",\"@graph\":[{\"@type\":\"WebPage\",\"@id\":\"https:\/\/lavkompjuteri.rs\/podrska\/\",\"url\":\"https:\/\/lavkompjuteri.rs\/podrska\/\",\"name\":\"Podr\u0161ka | Lav Kompjuteri\",\"isPartOf\":{\"@id\":\"https:\/\/lavkompjuteri.rs\/#website\"},\"datePublished\":\"2020-10-22T12:44:13+00:00\",\"dateModified\":\"2026-03-19T10:59:50+00:00\",\"description\":\"Podr\u0161ka kompanije Lav Kompjuteri za softverska re\u0161enja, poslovne programe i korisni\u010dku pomo\u0107. Kontaktirajte nas za tehni\u010dku podr\u0161ku i dodatne informacije.\",\"breadcrumb\":{\"@id\":\"https:\/\/lavkompjuteri.rs\/podrska\/#breadcrumb\"},\"inLanguage\":\"en-US\",\"potentialAction\":[{\"@type\":\"ReadAction\",\"target\":[\"https:\/\/lavkompjuteri.rs\/podrska\/\"]}]},{\"@type\":\"BreadcrumbList\",\"@id\":\"https:\/\/lavkompjuteri.rs\/podrska\/#breadcrumb\",\"itemListElement\":[{\"@type\":\"ListItem\",\"position\":1,\"name\":\"\u041f\u043e\u0447\u0435\u0442\u043d\u0430\",\"item\":\"https:\/\/lavkompjuteri.rs\/\"},{\"@type\":\"ListItem\",\"position\":2,\"name\":\"Podr\u0161ka\"}]},{\"@type\":\"WebSite\",\"@id\":\"https:\/\/lavkompjuteri.rs\/#website\",\"url\":\"https:\/\/lavkompjuteri.rs\/\",\"name\":\"Lav Kompjuteri\",\"description\":\"\",\"publisher\":{\"@id\":\"https:\/\/lavkompjuteri.rs\/#organization\"},\"potentialAction\":[{\"@type\":\"SearchAction\",\"target\":{\"@type\":\"EntryPoint\",\"urlTemplate\":\"https:\/\/lavkompjuteri.rs\/?s={search_term_string}\"},\"query-input\":\"required name=search_term_string\"}],\"inLanguage\":\"en-US\"},{\"@type\":\"Organization\",\"@id\":\"https:\/\/lavkompjuteri.rs\/#organization\",\"name\":\"Lav Kompjuteri\",\"url\":\"https:\/\/lavkompjuteri.rs\/\",\"logo\":{\"@type\":\"ImageObject\",\"inLanguage\":\"en-US\",\"@id\":\"https:\/\/lavkompjuteri.rs\/#\/schema\/logo\/image\/\",\"url\":\"https:\/\/lavkompjuteri.rs\/wp-content\/uploads\/2020\/11\/lavkompjuteri-logo.png\",\"contentUrl\":\"https:\/\/lavkompjuteri.rs\/wp-content\/uploads\/2020\/11\/lavkompjuteri-logo.png\",\"width\":169,\"height\":97,\"caption\":\"Lav Kompjuteri\"},\"image\":{\"@id\":\"https:\/\/lavkompjuteri.rs\/#\/schema\/logo\/image\/\"}}]}<\/script>\n<!-- \/ Yoast SEO plugin. -->","yoast_head_json":{"title":"Podr\u0161ka | Lav Kompjuteri","description":"Podr\u0161ka kompanije Lav Kompjuteri za softverska re\u0161enja, poslovne programe i korisni\u010dku pomo\u0107. Kontaktirajte nas za tehni\u010dku podr\u0161ku i dodatne informacije.","robots":{"index":"index","follow":"follow","max-snippet":"max-snippet:-1","max-image-preview":"max-image-preview:large","max-video-preview":"max-video-preview:-1"},"canonical":"https:\/\/lavkompjuteri.rs\/en\/podrska\/","og_locale":"en_US","og_type":"article","og_title":"Podr\u0161ka | Lav Kompjuteri","og_description":"Podr\u0161ka kompanije Lav Kompjuteri za softverska re\u0161enja, poslovne programe i korisni\u010dku pomo\u0107. Kontaktirajte nas za tehni\u010dku podr\u0161ku i dodatne informacije.","og_url":"https:\/\/lavkompjuteri.rs\/en\/podrska\/","og_site_name":"Lav Kompjuteri","article_modified_time":"2026-03-19T10:59:50+00:00","og_image":[{"url":"https:\/\/lavkompjuteri.rs\/wp-content\/uploads\/2020\/10\/podrska-scaled.jpg"}],"twitter_card":"summary_large_image","twitter_misc":{"Est. reading time":"1 minute"},"schema":{"@context":"https:\/\/schema.org","@graph":[{"@type":"WebPage","@id":"https:\/\/lavkompjuteri.rs\/podrska\/","url":"https:\/\/lavkompjuteri.rs\/podrska\/","name":"Podr\u0161ka | Lav Kompjuteri","isPartOf":{"@id":"https:\/\/lavkompjuteri.rs\/#website"},"datePublished":"2020-10-22T12:44:13+00:00","dateModified":"2026-03-19T10:59:50+00:00","description":"Podr\u0161ka kompanije Lav Kompjuteri za softverska re\u0161enja, poslovne programe i korisni\u010dku pomo\u0107. Kontaktirajte nas za tehni\u010dku podr\u0161ku i dodatne informacije.","breadcrumb":{"@id":"https:\/\/lavkompjuteri.rs\/podrska\/#breadcrumb"},"inLanguage":"en-US","potentialAction":[{"@type":"ReadAction","target":["https:\/\/lavkompjuteri.rs\/podrska\/"]}]},{"@type":"BreadcrumbList","@id":"https:\/\/lavkompjuteri.rs\/podrska\/#breadcrumb","itemListElement":[{"@type":"ListItem","position":1,"name":"\u041f\u043e\u0447\u0435\u0442\u043d\u0430","item":"https:\/\/lavkompjuteri.rs\/"},{"@type":"ListItem","position":2,"name":"Podr\u0161ka"}]},{"@type":"WebSite","@id":"https:\/\/lavkompjuteri.rs\/#website","url":"https:\/\/lavkompjuteri.rs\/","name":"Lav Kompjuteri","description":"","publisher":{"@id":"https:\/\/lavkompjuteri.rs\/#organization"},"potentialAction":[{"@type":"SearchAction","target":{"@type":"EntryPoint","urlTemplate":"https:\/\/lavkompjuteri.rs\/?s={search_term_string}"},"query-input":"required name=search_term_string"}],"inLanguage":"en-US"},{"@type":"Organization","@id":"https:\/\/lavkompjuteri.rs\/#organization","name":"Lav Kompjuteri","url":"https:\/\/lavkompjuteri.rs\/","logo":{"@type":"ImageObject","inLanguage":"en-US","@id":"https:\/\/lavkompjuteri.rs\/#\/schema\/logo\/image\/","url":"https:\/\/lavkompjuteri.rs\/wp-content\/uploads\/2020\/11\/lavkompjuteri-logo.png","contentUrl":"https:\/\/lavkompjuteri.rs\/wp-content\/uploads\/2020\/11\/lavkompjuteri-logo.png","width":169,"height":97,"caption":"Lav Kompjuteri"},"image":{"@id":"https:\/\/lavkompjuteri.rs\/#\/schema\/logo\/image\/"}}]}},"_links":{"self":[{"href":"https:\/\/lavkompjuteri.rs\/en\/wp-json\/wp\/v2\/pages\/2"}],"collection":[{"href":"https:\/\/lavkompjuteri.rs\/en\/wp-json\/wp\/v2\/pages"}],"about":[{"href":"https:\/\/lavkompjuteri.rs\/en\/wp-json\/wp\/v2\/types\/page"}],"author":[{"embeddable":true,"href":"https:\/\/lavkompjuteri.rs\/en\/wp-json\/wp\/v2\/users\/1"}],"replies":[{"embeddable":true,"href":"https:\/\/lavkompjuteri.rs\/en\/wp-json\/wp\/v2\/comments?post=2"}],"version-history":[{"count":12,"href":"https:\/\/lavkompjuteri.rs\/en\/wp-json\/wp\/v2\/pages\/2\/revisions"}],"predecessor-version":[{"id":1133,"href":"https:\/\/lavkompjuteri.rs\/en\/wp-json\/wp\/v2\/pages\/2\/revisions\/1133"}],"wp:attachment":[{"href":"https:\/\/lavkompjuteri.rs\/en\/wp-json\/wp\/v2\/media?parent=2"}],"curies":[{"name":"wp","href":"https:\/\/api.w.org\/{rel}","templated":true}]}}