{"id":915,"date":"2022-06-30T08:30:43","date_gmt":"2022-06-30T06:30:43","guid":{"rendered":"https:\/\/lavkompjuteri.rs\/?page_id=915"},"modified":"2026-03-19T11:10:33","modified_gmt":"2026-03-19T10:10:33","slug":"e-fakture","status":"publish","type":"page","link":"https:\/\/lavkompjuteri.rs\/en\/e-fakture\/","title":{"rendered":"Program za e-fakture"},"content":{"rendered":"<div data-elementor-type=\"wp-page\" data-elementor-id=\"915\" class=\"elementor elementor-915\">\n\t\t\t\t\t\t\t\t\t<section class=\"elementor-section elementor-top-section elementor-element elementor-element-def6656 elementor-section-boxed elementor-section-height-default elementor-section-height-default\" data-id=\"def6656\" data-element_type=\"section\">\n\t\t\t\t\t\t<div class=\"elementor-container elementor-column-gap-default\">\n\t\t\t\t\t<div class=\"elementor-column elementor-col-100 elementor-top-column elementor-element elementor-element-12b21937\" data-id=\"12b21937\" data-element_type=\"column\">\n\t\t\t<div class=\"elementor-widget-wrap elementor-element-populated\">\n\t\t\t\t\t\t\t\t<div class=\"elementor-element elementor-element-5d8f568 elementor-align-center elementor-widget elementor-widget-button\" data-id=\"5d8f568\" data-element_type=\"widget\" data-widget_type=\"button.default\">\n\t\t\t\t<div class=\"elementor-widget-container\">\n\t\t\t\t\t<div class=\"elementor-button-wrapper\">\n\t\t\t<a class=\"elementor-button elementor-button-link elementor-size-md\" href=\"https:\/\/lavkompjuteri.rs\/wp-content\/uploads\/2022\/06\/e-Faktura.zip\">\n\t\t\t\t\t\t<span class=\"elementor-button-content-wrapper\">\n\t\t\t\t\t\t<span class=\"elementor-button-text\">Download the DEMO version<\/span>\n\t\t<\/span>\n\t\t\t\t\t<\/a>\n\t\t<\/div>\n\t\t\t\t<\/div>\n\t\t\t\t<\/div>\n\t\t\t\t<div class=\"elementor-element elementor-element-f1f215c elementor-widget elementor-widget-heading\" data-id=\"f1f215c\" data-element_type=\"widget\" data-widget_type=\"heading.default\">\n\t\t\t\t<div class=\"elementor-widget-container\">\n\t\t\t<h2 class=\"elementor-heading-title elementor-size-default\">Po\u010detni ekran programa za e-fakture<\/h2>\t\t<\/div>\n\t\t\t\t<\/div>\n\t\t\t\t<div class=\"elementor-element elementor-element-71228a90 elementor-widget elementor-widget-text-editor\" data-id=\"71228a90\" data-element_type=\"widget\" data-widget_type=\"text-editor.default\">\n\t\t\t\t<div class=\"elementor-widget-container\">\n\t\t\t\t\t\t\t<p><!-- wp:paragraph --><\/p>\n<p><!-- \/wp:paragraph --><!-- wp:paragraph --><\/p>\n<p><!-- \/wp:paragraph --><!-- wp:image {\"id\":916,\"sizeSlug\":\"large\",\"linkDestination\":\"none\"} --><\/p>\n<figure class=\"wp-block-image size-large\"><img fetchpriority=\"high\" decoding=\"async\" width=\"1024\" height=\"650\" class=\"wp-image-916\" src=\"https:\/\/lavkompjuteri.rs\/wp-content\/uploads\/2022\/06\/Screenshot_1-1024x650.png\" alt=\"\" srcset=\"https:\/\/lavkompjuteri.rs\/wp-content\/uploads\/2022\/06\/Screenshot_1-1024x650.png 1024w, https:\/\/lavkompjuteri.rs\/wp-content\/uploads\/2022\/06\/Screenshot_1-300x191.png 300w, https:\/\/lavkompjuteri.rs\/wp-content\/uploads\/2022\/06\/Screenshot_1-768x488.png 768w, https:\/\/lavkompjuteri.rs\/wp-content\/uploads\/2022\/06\/Screenshot_1-18x12.png 18w, https:\/\/lavkompjuteri.rs\/wp-content\/uploads\/2022\/06\/Screenshot_1.png 1099w\" sizes=\"(max-width: 1024px) 100vw, 1024px\" \/><\/figure>\n<p><!-- \/wp:image --><!-- wp:paragraph --><\/p>\n<p>\u00a0<\/p>\n<p>The first step before starting work is to fill in the master data for your company.<\/p>\n<p><!-- \/wp:paragraph --><!-- wp:image {\"id\":917,\"sizeSlug\":\"full\",\"linkDestination\":\"none\"} --><\/p>\n<figure class=\"wp-block-image size-full\"><img decoding=\"async\" width=\"772\" height=\"595\" class=\"wp-image-917\" src=\"https:\/\/lavkompjuteri.rs\/wp-content\/uploads\/2022\/06\/2.png\" alt=\"\" srcset=\"https:\/\/lavkompjuteri.rs\/wp-content\/uploads\/2022\/06\/2.png 772w, https:\/\/lavkompjuteri.rs\/wp-content\/uploads\/2022\/06\/2-300x231.png 300w, https:\/\/lavkompjuteri.rs\/wp-content\/uploads\/2022\/06\/2-768x592.png 768w, https:\/\/lavkompjuteri.rs\/wp-content\/uploads\/2022\/06\/2-16x12.png 16w\" sizes=\"(max-width: 772px) 100vw, 772px\" \/><\/figure>\n<p><!-- \/wp:image --><\/p>\t\t\t\t\t\t<\/div>\n\t\t\t\t<\/div>\n\t\t\t\t<div class=\"elementor-element elementor-element-47a0344 elementor-widget elementor-widget-text-editor\" data-id=\"47a0344\" data-element_type=\"widget\" data-widget_type=\"text-editor.default\">\n\t\t\t\t<div class=\"elementor-widget-container\">\n\t\t\t\t\t\t\t<p>It is necessary to enter all your data as shown in the picture. In the key field, enter the API key that can be obtained when you log in to the e-Invoice website in the API management section. In addition to the key on the e-Invoice website, it is necessary to include the ACTIVE button.<\/p>\t\t\t\t\t\t<\/div>\n\t\t\t\t<\/div>\n\t\t\t\t<div class=\"elementor-element elementor-element-80a146a elementor-widget elementor-widget-image\" data-id=\"80a146a\" data-element_type=\"widget\" data-widget_type=\"image.default\">\n\t\t\t\t<div class=\"elementor-widget-container\">\n\t\t\t\t\t\t\t\t\t\t\t\t\t\t\t<img decoding=\"async\" width=\"580\" height=\"473\" src=\"https:\/\/lavkompjuteri.rs\/wp-content\/uploads\/2022\/06\/API.png\" class=\"attachment-large size-large wp-image-923\" alt=\"\" srcset=\"https:\/\/lavkompjuteri.rs\/wp-content\/uploads\/2022\/06\/API.png 947w, https:\/\/lavkompjuteri.rs\/wp-content\/uploads\/2022\/06\/API-300x245.png 300w, https:\/\/lavkompjuteri.rs\/wp-content\/uploads\/2022\/06\/API-768x627.png 768w, https:\/\/lavkompjuteri.rs\/wp-content\/uploads\/2022\/06\/API-15x12.png 15w\" sizes=\"(max-width: 580px) 100vw, 580px\" \/>\t\t\t\t\t\t\t\t\t\t\t\t\t\t\t<\/div>\n\t\t\t\t<\/div>\n\t\t\t\t<div class=\"elementor-element elementor-element-3dcee3c elementor-widget elementor-widget-image\" data-id=\"3dcee3c\" data-element_type=\"widget\" data-widget_type=\"image.default\">\n\t\t\t\t<div class=\"elementor-widget-container\">\n\t\t\t\t\t\t\t\t\t\t\t\t\t\t\t<img loading=\"lazy\" decoding=\"async\" width=\"479\" height=\"727\" src=\"https:\/\/lavkompjuteri.rs\/wp-content\/uploads\/2022\/06\/API-aktivacija.png\" class=\"attachment-large size-large wp-image-922\" alt=\"\" srcset=\"https:\/\/lavkompjuteri.rs\/wp-content\/uploads\/2022\/06\/API-aktivacija.png 479w, https:\/\/lavkompjuteri.rs\/wp-content\/uploads\/2022\/06\/API-aktivacija-198x300.png 198w, https:\/\/lavkompjuteri.rs\/wp-content\/uploads\/2022\/06\/API-aktivacija-8x12.png 8w\" sizes=\"(max-width: 479px) 100vw, 479px\" \/>\t\t\t\t\t\t\t\t\t\t\t\t\t\t\t<\/div>\n\t\t\t\t<\/div>\n\t\t\t\t<div class=\"elementor-element elementor-element-a908036 elementor-widget elementor-widget-text-editor\" data-id=\"a908036\" data-element_type=\"widget\" data-widget_type=\"text-editor.default\">\n\t\t\t\t<div class=\"elementor-widget-container\">\n\t\t\t\t\t\t\t<p>The next step is to enter your business partner to whom you send the e-Invoice. From the menu, select the partners button, then the NEW button, and a window like the one in the picture below will appear.<\/p>\t\t\t\t\t\t<\/div>\n\t\t\t\t<\/div>\n\t\t\t\t<div class=\"elementor-element elementor-element-a42173a elementor-widget elementor-widget-image\" data-id=\"a42173a\" data-element_type=\"widget\" data-widget_type=\"image.default\">\n\t\t\t\t<div class=\"elementor-widget-container\">\n\t\t\t\t\t\t\t\t\t\t\t\t\t\t\t<img loading=\"lazy\" decoding=\"async\" width=\"580\" height=\"412\" src=\"https:\/\/lavkompjuteri.rs\/wp-content\/uploads\/2022\/06\/partneri.png\" class=\"attachment-large size-large wp-image-924\" alt=\"\" srcset=\"https:\/\/lavkompjuteri.rs\/wp-content\/uploads\/2022\/06\/partneri.png 691w, https:\/\/lavkompjuteri.rs\/wp-content\/uploads\/2022\/06\/partneri-300x213.png 300w, https:\/\/lavkompjuteri.rs\/wp-content\/uploads\/2022\/06\/partneri-18x12.png 18w\" sizes=\"(max-width: 580px) 100vw, 580px\" \/>\t\t\t\t\t\t\t\t\t\t\t\t\t\t\t<\/div>\n\t\t\t\t<\/div>\n\t\t\t\t<div class=\"elementor-element elementor-element-1f7bd8b elementor-widget elementor-widget-text-editor\" data-id=\"1f7bd8b\" data-element_type=\"widget\" data-widget_type=\"text-editor.default\">\n\t\t\t\t<div class=\"elementor-widget-container\">\n\t\t\t\t\t\t\t<p>It is not necessary to enter all the data about the partner, it is enough to enter his PIB (PIB - Tax identification number) and by clicking on the button Check PIB in the NBS (NBS - National Bank of Serbia) register, we will get all the necessary data available to the NBS related to that business partner.<\/p>\n<p>Note: data on users of public funds (budget institutions) are not available, so you must enter them by filling in all the necessary fields. When entering data for budgetary institutions, it is necessary to fill in the JBKJS field, i.e. the unique number of users of public funds (5 digits).<\/p>\n<p>\u00a0<\/p>\n<p>The next step in creating an electronic invoice is to enter your items, we do this by clicking the Items button in the main window. We will get a window like in the picture<\/p>\t\t\t\t\t\t<\/div>\n\t\t\t\t<\/div>\n\t\t\t\t<div class=\"elementor-element elementor-element-74e0766 elementor-widget elementor-widget-image\" data-id=\"74e0766\" data-element_type=\"widget\" data-widget_type=\"image.default\">\n\t\t\t\t<div class=\"elementor-widget-container\">\n\t\t\t\t\t\t\t\t\t\t\t\t\t\t\t<img loading=\"lazy\" decoding=\"async\" width=\"580\" height=\"569\" src=\"https:\/\/lavkompjuteri.rs\/wp-content\/uploads\/2022\/06\/artikli.png\" class=\"attachment-large size-large wp-image-925\" alt=\"\" srcset=\"https:\/\/lavkompjuteri.rs\/wp-content\/uploads\/2022\/06\/artikli.png 607w, https:\/\/lavkompjuteri.rs\/wp-content\/uploads\/2022\/06\/artikli-300x294.png 300w, https:\/\/lavkompjuteri.rs\/wp-content\/uploads\/2022\/06\/artikli-12x12.png 12w\" sizes=\"(max-width: 580px) 100vw, 580px\" \/>\t\t\t\t\t\t\t\t\t\t\t\t\t\t\t<\/div>\n\t\t\t\t<\/div>\n\t\t\t\t<div class=\"elementor-element elementor-element-31c3a3d elementor-widget elementor-widget-text-editor\" data-id=\"31c3a3d\" data-element_type=\"widget\" data-widget_type=\"text-editor.default\">\n\t\t\t\t<div class=\"elementor-widget-container\">\n\t\t\t\t\t\t\t<p>Clicking on the New button opens the possibility to enter details about the items. The program itself offers the next item code, and if it doesn't suit you, you can enter your codes yourself. It is necessary to enter the name of the item, the unit of measure and the tax rate (in rates of 20, 10 or 0 - if you are not in VAT).<\/p>\n<p>Now we can move on to creating invoices or proforma invoices, the procedure is the same with the fact that invoices can be sent electronically as an e-Invoice. In the main window, by clicking on the Bill button, we get a window like the picture below<\/p>\t\t\t\t\t\t<\/div>\n\t\t\t\t<\/div>\n\t\t\t\t<div class=\"elementor-element elementor-element-561c8c4 elementor-widget elementor-widget-image\" data-id=\"561c8c4\" data-element_type=\"widget\" data-widget_type=\"image.default\">\n\t\t\t\t<div class=\"elementor-widget-container\">\n\t\t\t\t\t\t\t\t\t\t\t\t\t\t\t<img loading=\"lazy\" decoding=\"async\" width=\"580\" height=\"419\" src=\"https:\/\/lavkompjuteri.rs\/wp-content\/uploads\/2022\/06\/Racun.png\" class=\"attachment-large size-large wp-image-926\" alt=\"\" srcset=\"https:\/\/lavkompjuteri.rs\/wp-content\/uploads\/2022\/06\/Racun.png 959w, https:\/\/lavkompjuteri.rs\/wp-content\/uploads\/2022\/06\/Racun-300x216.png 300w, https:\/\/lavkompjuteri.rs\/wp-content\/uploads\/2022\/06\/Racun-768x554.png 768w, https:\/\/lavkompjuteri.rs\/wp-content\/uploads\/2022\/06\/Racun-18x12.png 18w\" sizes=\"(max-width: 580px) 100vw, 580px\" \/>\t\t\t\t\t\t\t\t\t\t\t\t\t\t\t<\/div>\n\t\t\t\t<\/div>\n\t\t\t\t<div class=\"elementor-element elementor-element-8e426ca elementor-widget elementor-widget-text-editor\" data-id=\"8e426ca\" data-element_type=\"widget\" data-widget_type=\"text-editor.default\">\n\t\t\t\t<div class=\"elementor-widget-container\">\n\t\t\t\t\t\t\t<p>The number of bills increases by one for each subsequent bill, then it is necessary to click on the F3 button to select the business partner to whom we are sending the invoice. If that partner does not exist, we can add it by clicking the button with the plus sign. Then you need to enter the invoice date, transaction date and maturity date. Other items should not be changed (tax category, tax category code...). If there is a tax exemption, then it is necessary to select the type of tax exemption from the list that we get by clicking on the magnifying glass button. Then we click on the button <strong>Create<\/strong> bill.<\/p>\t\t\t\t\t\t<\/div>\n\t\t\t\t<\/div>\n\t\t\t\t<div class=\"elementor-element elementor-element-dedf74e elementor-widget elementor-widget-image\" data-id=\"dedf74e\" data-element_type=\"widget\" data-widget_type=\"image.default\">\n\t\t\t\t<div class=\"elementor-widget-container\">\n\t\t\t\t\t\t\t\t\t\t\t\t\t\t\t<img loading=\"lazy\" decoding=\"async\" width=\"580\" height=\"419\" src=\"https:\/\/lavkompjuteri.rs\/wp-content\/uploads\/2022\/06\/Racun2.png\" class=\"attachment-large size-large wp-image-927\" alt=\"\" srcset=\"https:\/\/lavkompjuteri.rs\/wp-content\/uploads\/2022\/06\/Racun2.png 959w, https:\/\/lavkompjuteri.rs\/wp-content\/uploads\/2022\/06\/Racun2-300x216.png 300w, https:\/\/lavkompjuteri.rs\/wp-content\/uploads\/2022\/06\/Racun2-768x554.png 768w, https:\/\/lavkompjuteri.rs\/wp-content\/uploads\/2022\/06\/Racun2-18x12.png 18w\" sizes=\"(max-width: 580px) 100vw, 580px\" \/>\t\t\t\t\t\t\t\t\t\t\t\t\t\t\t<\/div>\n\t\t\t\t<\/div>\n\t\t\t\t<div class=\"elementor-element elementor-element-ce804b0 elementor-widget elementor-widget-text-editor\" data-id=\"ce804b0\" data-element_type=\"widget\" data-widget_type=\"text-editor.default\">\n\t\t\t\t<div class=\"elementor-widget-container\">\n\t\t\t\t\t\t\t<p>The fields for entering items for our invoice will be freed up. It is necessary to enter the code of the item, or if we do not know it, by clicking on the button next to the code marked F3, the codebook of the items will be displayed, and by selecting one of the items, it will be displayed on the screen. The next thing we need to enter is the quantity we are selling, its retail price (price including VAT) and the percentage rebate if any. All other fields will be updated automatically. By clicking the Save button, that item will be found in the table below and we can enter the next item if we have it on that invoice. If we made a mistake by selecting that item in the table below and clicking the Delete button, that item will be deleted from our invoice and we can add a new one. When the invoice is done, we move on to the next step.<\/p>\t\t\t\t\t\t<\/div>\n\t\t\t\t<\/div>\n\t\t\t\t<div class=\"elementor-element elementor-element-b621515 elementor-widget elementor-widget-image\" data-id=\"b621515\" data-element_type=\"widget\" data-widget_type=\"image.default\">\n\t\t\t\t<div class=\"elementor-widget-container\">\n\t\t\t\t\t\t\t\t\t\t\t\t\t\t\t<img loading=\"lazy\" decoding=\"async\" width=\"580\" height=\"417\" src=\"https:\/\/lavkompjuteri.rs\/wp-content\/uploads\/2022\/06\/Pregled.png\" class=\"attachment-large size-large wp-image-928\" alt=\"\" srcset=\"https:\/\/lavkompjuteri.rs\/wp-content\/uploads\/2022\/06\/Pregled.png 954w, https:\/\/lavkompjuteri.rs\/wp-content\/uploads\/2022\/06\/Pregled-300x216.png 300w, https:\/\/lavkompjuteri.rs\/wp-content\/uploads\/2022\/06\/Pregled-768x552.png 768w, https:\/\/lavkompjuteri.rs\/wp-content\/uploads\/2022\/06\/Pregled-18x12.png 18w\" sizes=\"(max-width: 580px) 100vw, 580px\" \/>\t\t\t\t\t\t\t\t\t\t\t\t\t\t\t<\/div>\n\t\t\t\t<\/div>\n\t\t\t\t<div class=\"elementor-element elementor-element-06d9099 elementor-widget elementor-widget-text-editor\" data-id=\"06d9099\" data-element_type=\"widget\" data-widget_type=\"text-editor.default\">\n\t\t\t\t<div class=\"elementor-widget-container\">\n\t\t\t\t\t\t\t<p>In the left table will be the header of our invoice and above the table will be written our business partner to whom we are sending that invoice. All invoice items will be displayed in the right table. We can print this invoice by clicking the Print button. We can delete it by clicking the Delete button (this deletes the entire invoice with all associated items). And we can send it as an e-Invoice by clicking the Send e-Invoice button. The following window will appear<\/p>\t\t\t\t\t\t<\/div>\n\t\t\t\t<\/div>\n\t\t\t\t<div class=\"elementor-element elementor-element-411b3bd elementor-widget elementor-widget-image\" data-id=\"411b3bd\" data-element_type=\"widget\" data-widget_type=\"image.default\">\n\t\t\t\t<div class=\"elementor-widget-container\">\n\t\t\t\t\t\t\t\t\t\t\t\t\t\t\t<img loading=\"lazy\" decoding=\"async\" width=\"580\" height=\"140\" src=\"https:\/\/lavkompjuteri.rs\/wp-content\/uploads\/2022\/06\/Pregled2.png\" class=\"attachment-large size-large wp-image-929\" alt=\"\" srcset=\"https:\/\/lavkompjuteri.rs\/wp-content\/uploads\/2022\/06\/Pregled2.png 800w, https:\/\/lavkompjuteri.rs\/wp-content\/uploads\/2022\/06\/Pregled2-300x72.png 300w, https:\/\/lavkompjuteri.rs\/wp-content\/uploads\/2022\/06\/Pregled2-768x185.png 768w, https:\/\/lavkompjuteri.rs\/wp-content\/uploads\/2022\/06\/Pregled2-18x4.png 18w\" sizes=\"(max-width: 580px) 100vw, 580px\" \/>\t\t\t\t\t\t\t\t\t\t\t\t\t\t\t<\/div>\n\t\t\t\t<\/div>\n\t\t\t\t<div class=\"elementor-element elementor-element-97e0650 elementor-widget elementor-widget-text-editor\" data-id=\"97e0650\" data-element_type=\"widget\" data-widget_type=\"text-editor.default\">\n\t\t\t\t<div class=\"elementor-widget-container\">\n\t\t\t\t\t\t\t<p>In Attachment 2 and Attachment 3, you can add, if necessary, some supporting documents whose size does not exceed 25MB in total. All you need to do next is to click the Submit via API button and wait for the process to complete.&nbsp;<br>Vi\u0161e informacija o sistemu elektronskih faktura dostupno je na <a href=\"https:\/\/www.efaktura.gov.rs\">zvani\u010dnom portalu SEF<\/a>.<\/p>\t\t\t\t\t\t<\/div>\n\t\t\t\t<\/div>\n\t\t\t\t\t<\/div>\n\t\t<\/div>\n\t\t\t\t\t\t\t<\/div>\n\t\t<\/section>\n\t\t\t\t\t\t\t<\/div>","protected":false},"excerpt":{"rendered":"<p>Preuzmite DEMO verziju Po\u010detni ekran programa za e-fakture \u00a0 Prvi korak pre nego \u0161to krenete sa radom je popunjavanje mati\u010dnih podataka za Va\u0161u firmu. Neophodno je uneti sve Va\u0161e podatke kako je prikazano na slici. U polje klju\u010d unosi se API klju\u010d koji se mo\u017ee dobiti prilikom Va\u0161eg prijavljivanja na sajt e-Faktura u odeljku API [&hellip;]<\/p>\n","protected":false},"author":2,"featured_media":0,"parent":0,"menu_order":0,"comment_status":"closed","ping_status":"closed","template":"","meta":{"inline_featured_image":false},"yoast_head":"<!-- This site is optimized with the Yoast SEO plugin v20.2.1 - https:\/\/yoast.com\/wordpress\/plugins\/seo\/ -->\n<title>Program za e-fakture | Lav Kompjuteri<\/title>\n<meta name=\"description\" content=\"Program za e-fakture za srpska preduze\u0107a. Lav Kompjuteri omogu\u0107ava jednostavno kreiranje, slanje i obradu elektronskih faktura uz rad prilago\u0111en doma\u0107im propisima.\" \/>\n<meta name=\"robots\" content=\"index, follow, max-snippet:-1, max-image-preview:large, max-video-preview:-1\" \/>\n<link rel=\"canonical\" href=\"https:\/\/lavkompjuteri.rs\/en\/e-fakture\/\" \/>\n<meta property=\"og:locale\" content=\"en_US\" \/>\n<meta property=\"og:type\" content=\"article\" \/>\n<meta property=\"og:title\" content=\"Program za e-fakture | Lav Kompjuteri\" \/>\n<meta property=\"og:description\" content=\"Program za e-fakture za srpska preduze\u0107a. Lav Kompjuteri omogu\u0107ava jednostavno kreiranje, slanje i obradu elektronskih faktura uz rad prilago\u0111en doma\u0107im propisima.\" \/>\n<meta property=\"og:url\" content=\"https:\/\/lavkompjuteri.rs\/en\/e-fakture\/\" \/>\n<meta property=\"og:site_name\" content=\"Lav Kompjuteri\" \/>\n<meta property=\"article:modified_time\" content=\"2026-03-19T10:10:33+00:00\" \/>\n<meta property=\"og:image\" content=\"https:\/\/lavkompjuteri.rs\/wp-content\/uploads\/2022\/06\/Screenshot_1-1024x650.png\" \/>\n<meta name=\"twitter:card\" content=\"summary_large_image\" \/>\n<meta name=\"twitter:label1\" content=\"Est. reading time\" \/>\n\t<meta name=\"twitter:data1\" content=\"6 minutes\" \/>\n<script type=\"application\/ld+json\" class=\"yoast-schema-graph\">{\"@context\":\"https:\/\/schema.org\",\"@graph\":[{\"@type\":\"WebPage\",\"@id\":\"https:\/\/lavkompjuteri.rs\/e-fakture\/\",\"url\":\"https:\/\/lavkompjuteri.rs\/e-fakture\/\",\"name\":\"Program za e-fakture | Lav Kompjuteri\",\"isPartOf\":{\"@id\":\"https:\/\/lavkompjuteri.rs\/#website\"},\"datePublished\":\"2022-06-30T06:30:43+00:00\",\"dateModified\":\"2026-03-19T10:10:33+00:00\",\"description\":\"Program za e-fakture za srpska preduze\u0107a. Lav Kompjuteri omogu\u0107ava jednostavno kreiranje, slanje i obradu elektronskih faktura uz rad prilago\u0111en doma\u0107im propisima.\",\"breadcrumb\":{\"@id\":\"https:\/\/lavkompjuteri.rs\/e-fakture\/#breadcrumb\"},\"inLanguage\":\"en-US\",\"potentialAction\":[{\"@type\":\"ReadAction\",\"target\":[\"https:\/\/lavkompjuteri.rs\/e-fakture\/\"]}]},{\"@type\":\"BreadcrumbList\",\"@id\":\"https:\/\/lavkompjuteri.rs\/e-fakture\/#breadcrumb\",\"itemListElement\":[{\"@type\":\"ListItem\",\"position\":1,\"name\":\"\u041f\u043e\u0447\u0435\u0442\u043d\u0430\",\"item\":\"https:\/\/lavkompjuteri.rs\/\"},{\"@type\":\"ListItem\",\"position\":2,\"name\":\"Program za e-fakture\"}]},{\"@type\":\"WebSite\",\"@id\":\"https:\/\/lavkompjuteri.rs\/#website\",\"url\":\"https:\/\/lavkompjuteri.rs\/\",\"name\":\"Lav Kompjuteri\",\"description\":\"\",\"publisher\":{\"@id\":\"https:\/\/lavkompjuteri.rs\/#organization\"},\"potentialAction\":[{\"@type\":\"SearchAction\",\"target\":{\"@type\":\"EntryPoint\",\"urlTemplate\":\"https:\/\/lavkompjuteri.rs\/?s={search_term_string}\"},\"query-input\":\"required name=search_term_string\"}],\"inLanguage\":\"en-US\"},{\"@type\":\"Organization\",\"@id\":\"https:\/\/lavkompjuteri.rs\/#organization\",\"name\":\"Lav Kompjuteri\",\"url\":\"https:\/\/lavkompjuteri.rs\/\",\"logo\":{\"@type\":\"ImageObject\",\"inLanguage\":\"en-US\",\"@id\":\"https:\/\/lavkompjuteri.rs\/#\/schema\/logo\/image\/\",\"url\":\"https:\/\/lavkompjuteri.rs\/wp-content\/uploads\/2020\/11\/lavkompjuteri-logo.png\",\"contentUrl\":\"https:\/\/lavkompjuteri.rs\/wp-content\/uploads\/2020\/11\/lavkompjuteri-logo.png\",\"width\":169,\"height\":97,\"caption\":\"Lav Kompjuteri\"},\"image\":{\"@id\":\"https:\/\/lavkompjuteri.rs\/#\/schema\/logo\/image\/\"}}]}<\/script>\n<!-- \/ Yoast SEO plugin. -->","yoast_head_json":{"title":"Program za e-fakture | Lav Kompjuteri","description":"Program za e-fakture za srpska preduze\u0107a. Lav Kompjuteri omogu\u0107ava jednostavno kreiranje, slanje i obradu elektronskih faktura uz rad prilago\u0111en doma\u0107im propisima.","robots":{"index":"index","follow":"follow","max-snippet":"max-snippet:-1","max-image-preview":"max-image-preview:large","max-video-preview":"max-video-preview:-1"},"canonical":"https:\/\/lavkompjuteri.rs\/en\/e-fakture\/","og_locale":"en_US","og_type":"article","og_title":"Program za e-fakture | Lav Kompjuteri","og_description":"Program za e-fakture za srpska preduze\u0107a. Lav Kompjuteri omogu\u0107ava jednostavno kreiranje, slanje i obradu elektronskih faktura uz rad prilago\u0111en doma\u0107im propisima.","og_url":"https:\/\/lavkompjuteri.rs\/en\/e-fakture\/","og_site_name":"Lav Kompjuteri","article_modified_time":"2026-03-19T10:10:33+00:00","og_image":[{"url":"https:\/\/lavkompjuteri.rs\/wp-content\/uploads\/2022\/06\/Screenshot_1-1024x650.png"}],"twitter_card":"summary_large_image","twitter_misc":{"Est. reading time":"6 minutes"},"schema":{"@context":"https:\/\/schema.org","@graph":[{"@type":"WebPage","@id":"https:\/\/lavkompjuteri.rs\/e-fakture\/","url":"https:\/\/lavkompjuteri.rs\/e-fakture\/","name":"Program za e-fakture | Lav Kompjuteri","isPartOf":{"@id":"https:\/\/lavkompjuteri.rs\/#website"},"datePublished":"2022-06-30T06:30:43+00:00","dateModified":"2026-03-19T10:10:33+00:00","description":"Program za e-fakture za srpska preduze\u0107a. Lav Kompjuteri omogu\u0107ava jednostavno kreiranje, slanje i obradu elektronskih faktura uz rad prilago\u0111en doma\u0107im propisima.","breadcrumb":{"@id":"https:\/\/lavkompjuteri.rs\/e-fakture\/#breadcrumb"},"inLanguage":"en-US","potentialAction":[{"@type":"ReadAction","target":["https:\/\/lavkompjuteri.rs\/e-fakture\/"]}]},{"@type":"BreadcrumbList","@id":"https:\/\/lavkompjuteri.rs\/e-fakture\/#breadcrumb","itemListElement":[{"@type":"ListItem","position":1,"name":"\u041f\u043e\u0447\u0435\u0442\u043d\u0430","item":"https:\/\/lavkompjuteri.rs\/"},{"@type":"ListItem","position":2,"name":"Program za e-fakture"}]},{"@type":"WebSite","@id":"https:\/\/lavkompjuteri.rs\/#website","url":"https:\/\/lavkompjuteri.rs\/","name":"Lav Kompjuteri","description":"","publisher":{"@id":"https:\/\/lavkompjuteri.rs\/#organization"},"potentialAction":[{"@type":"SearchAction","target":{"@type":"EntryPoint","urlTemplate":"https:\/\/lavkompjuteri.rs\/?s={search_term_string}"},"query-input":"required name=search_term_string"}],"inLanguage":"en-US"},{"@type":"Organization","@id":"https:\/\/lavkompjuteri.rs\/#organization","name":"Lav Kompjuteri","url":"https:\/\/lavkompjuteri.rs\/","logo":{"@type":"ImageObject","inLanguage":"en-US","@id":"https:\/\/lavkompjuteri.rs\/#\/schema\/logo\/image\/","url":"https:\/\/lavkompjuteri.rs\/wp-content\/uploads\/2020\/11\/lavkompjuteri-logo.png","contentUrl":"https:\/\/lavkompjuteri.rs\/wp-content\/uploads\/2020\/11\/lavkompjuteri-logo.png","width":169,"height":97,"caption":"Lav Kompjuteri"},"image":{"@id":"https:\/\/lavkompjuteri.rs\/#\/schema\/logo\/image\/"}}]}},"_links":{"self":[{"href":"https:\/\/lavkompjuteri.rs\/en\/wp-json\/wp\/v2\/pages\/915"}],"collection":[{"href":"https:\/\/lavkompjuteri.rs\/en\/wp-json\/wp\/v2\/pages"}],"about":[{"href":"https:\/\/lavkompjuteri.rs\/en\/wp-json\/wp\/v2\/types\/page"}],"author":[{"embeddable":true,"href":"https:\/\/lavkompjuteri.rs\/en\/wp-json\/wp\/v2\/users\/2"}],"replies":[{"embeddable":true,"href":"https:\/\/lavkompjuteri.rs\/en\/wp-json\/wp\/v2\/comments?post=915"}],"version-history":[{"count":16,"href":"https:\/\/lavkompjuteri.rs\/en\/wp-json\/wp\/v2\/pages\/915\/revisions"}],"predecessor-version":[{"id":1112,"href":"https:\/\/lavkompjuteri.rs\/en\/wp-json\/wp\/v2\/pages\/915\/revisions\/1112"}],"wp:attachment":[{"href":"https:\/\/lavkompjuteri.rs\/en\/wp-json\/wp\/v2\/media?parent=915"}],"curies":[{"name":"wp","href":"https:\/\/api.w.org\/{rel}","templated":true}]}}